{"id":27575,"date":"2021-03-04T12:59:01","date_gmt":"2021-03-04T11:59:01","guid":{"rendered":"https:\/\/picek.pravipogled.hr\/?page_id=27575"},"modified":"2025-03-12T12:25:42","modified_gmt":"2025-03-12T11:25:42","slug":"politika-kolacica-cookie","status":"publish","type":"page","link":"https:\/\/www.zagrebguides.com\/en\/politika-kolacica-cookie\/","title":{"rendered":"Cookie policy"},"content":{"rendered":"<div class=\"content_row row vc_row wpb_row  wpb_animate_when_almost_visible wpb_fadeIn fadeIn  wpb_animate_when_almost_visible wpb_fadeIn fadeIn default-style fullwidth\" >\n\t\n\t<div class=\"content_row_wrapper  default\" style=\"padding-top:50px;padding-bottom:100px;\">\n\t<div class=\"vc_col-sm-12 wpb_column vc_column_container\">\n\t\t<div class=\"wpb_wrapper\">\n\t\t\t\n\t<div class=\"wpb_text_column wpb_content_element\" >\n\t\t<div class=\"wpb_wrapper\">\n\t\t\t<h2>Cookie Policy<\/h2>\n<p>To ensure the proper functioning of this website, we sometimes store small data files known as cookies on your devices.<\/p>\n<p>&nbsp;<\/p>\n<h2>What are cookies?<\/h2>\n<p>A cookie is a small data file that is stored on your computer or mobile device when you visit a particular website. Cookies allow a website to remember your actions and preferences (such as username, language, font size and other display preferences) over a longer period of time, so you do not have to re-enter them each time you return to the website or move from one page to another.<\/p>\n<p>&nbsp;<\/p>\n<h2>How do we use cookies?<\/h2>\n<p class=\"translation-block\">This website uses two types of cookies: technically necessary cookies, without which the functionality of this website would be limited, and additional cookies.\nWe use additional cookies only with your prior consent. If you are visiting this website for the first time, a notice will appear on the page inviting you to consent to the use of additional cookies. If you give us your consent, we will store a cookie on your computer and this notification will not appear as long as the cookie's lifetime is valid. After the cookie's lifetime expires or if you actively delete the cookie before then, the notification will appear again the next time you visit this website and the request for consent will appear again.\nYou can revoke your consent to the use of additional cookies at any time. Of course, you can also use our website without cookies (including technically necessary cookies). You can restrict or deactivate the use of cookies at any time in your browser settings. However, this may lead to limited functionality and affect the accessibility of this website.<\/p>\n<p>&nbsp;<\/p>\n<h2>Personal data<\/h2>\n<p class=\"translation-block\">The information related to cookies is not used to identify you, and data about your browsing habits is exclusively under our control. We do not use cookies for any other purposes than those described here.<\/p>\n<p>&nbsp;<\/p>\n<h2>Third-party cookies<\/h2>\n<p class=\"translation-block\">Sometimes we also use external services for statistical purposes to track the use of the website, such as Google Analytics. In this case, Google will send its own cookies - so-called third-party cookies. The same happens when we use maps on Google Maps. You can refuse third-party cookies when you first visit the site, so that third-party scripts will not be loaded.<\/p>\n<p>&nbsp;<\/p>\n<h2>How are cookies controlled?<\/h2>\n<p class=\"translation-block\">You can control and\/or delete cookies as you wish. You can delete all cookies that are already stored on your device, and most browser settings allow you to block the storage of cookies. If you block cookies, you may have to manually adjust some of your desired settings each time you visit the website, and certain services and functions may not be available. If you do not want to receive cookies on your computer, you can set your browser to notify you when it detects them or you can automatically reject them all. You can also delete all cookies that you have already received. If you want to limit or block cookies that have already been installed, you can do this through your browser settings. Find out how through the \u201cHelp\u201d function within your browser or on the website www.aboutcookies.org, where you can find detailed instructions related to different browsers.<\/p>\n\n\t\t<\/div>\n\t<\/div>\n\n\t\t<\/div>\n\t<\/div>\n\n<\/div>\n<\/div>\n\n<div  class=\"content_row row vc_row wpb_row  default-style fullwidth\" >\n\t\n\t<div class=\"content_row_wrapper  align-contents content-align-middle default\" style=\"padding-top:100px;height:58px;\">\n\t<div class=\"vc_col-sm-12 wpb_column vc_column_container\">\n\t\t<div class=\"wpb_wrapper\">\n\t\t\t\n\t\t<\/div>\n\t<\/div>\n\n<\/div>\n<\/div>","protected":false},"excerpt":{"rendered":"Pravila o kola\u010di\u0107ima Kako bi se osigurao ispravan rad ovog web-mjesta ponekad na Va\u0161e ure\u0111aje pohranjujemo male podatkovne datoteke poznate pod nazivom kola\u010di\u0107i. &nbsp; \u0160to su kola\u010di\u0107i? Kola\u010di\u0107 je mala podatkovna datoteka koja se pohranjuje na Va\u0161e ra\u010dunalo ili mobilni ure\u0111aj pri posjetu odre\u0111enom web-mjestu. S pomo\u0107u kola\u010di\u0107a web-mjesto pamti Va\u0161e radnje i \u017eeljene postavke [...]","protected":false},"author":30,"featured_media":0,"parent":0,"menu_order":0,"comment_status":"closed","ping_status":"closed","template":"","meta":{"_glsr_average":0,"_glsr_ranking":0,"_glsr_reviews":0,"footnotes":""},"categories":[],"tags":[],"class_list":["post-27575","page","type-page","status-publish","hentry"],"_links":{"self":[{"href":"https:\/\/www.zagrebguides.com\/en\/wp-json\/wp\/v2\/pages\/27575","targetHints":{"allow":["GET"]}}],"collection":[{"href":"https:\/\/www.zagrebguides.com\/en\/wp-json\/wp\/v2\/pages"}],"about":[{"href":"https:\/\/www.zagrebguides.com\/en\/wp-json\/wp\/v2\/types\/page"}],"author":[{"embeddable":true,"href":"https:\/\/www.zagrebguides.com\/en\/wp-json\/wp\/v2\/users\/30"}],"replies":[{"embeddable":true,"href":"https:\/\/www.zagrebguides.com\/en\/wp-json\/wp\/v2\/comments?post=27575"}],"version-history":[{"count":5,"href":"https:\/\/www.zagrebguides.com\/en\/wp-json\/wp\/v2\/pages\/27575\/revisions"}],"predecessor-version":[{"id":30130,"href":"https:\/\/www.zagrebguides.com\/en\/wp-json\/wp\/v2\/pages\/27575\/revisions\/30130"}],"wp:attachment":[{"href":"https:\/\/www.zagrebguides.com\/en\/wp-json\/wp\/v2\/media?parent=27575"}],"wp:term":[{"taxonomy":"category","embeddable":true,"href":"https:\/\/www.zagrebguides.com\/en\/wp-json\/wp\/v2\/categories?post=27575"},{"taxonomy":"post_tag","embeddable":true,"href":"https:\/\/www.zagrebguides.com\/en\/wp-json\/wp\/v2\/tags?post=27575"}],"curies":[{"name":"wp","href":"https:\/\/api.w.org\/{rel}","templated":true}]}}