{"id":27578,"date":"2021-03-04T13:00:16","date_gmt":"2021-03-04T12:00:16","guid":{"rendered":"https:\/\/picek.pravipogled.hr\/?page_id=27578"},"modified":"2025-04-28T11:46:42","modified_gmt":"2025-04-28T09:46:42","slug":"sigurnost-i-zastita-podataka","status":"publish","type":"page","link":"https:\/\/www.zagrebguides.com\/en\/sigurnost-i-zastita-podataka\/","title":{"rendered":"Security and data protection"},"content":{"rendered":"<div class=\"content_row row vc_row wpb_row  wpb_animate_when_almost_visible wpb_fadeIn fadeIn  wpb_animate_when_almost_visible wpb_fadeIn fadeIn default-style default\" >\n\t\n\t<div class=\"content_row_wrapper\" >\n\t<div class=\"vc_col-sm-12 wpb_column vc_column_container\">\n\t\t<div class=\"wpb_wrapper\">\n\t\t\t\n\t<div class=\"wpb_text_column wpb_content_element\" >\n\t\t<div class=\"wpb_wrapper\">\n\t\t\t<p>The Privacy Statement governs the manner in which your personal data is collected and processed when you visit the website and the use of cookies on the website.<\/p>\n<p>With this Statement, we undertake to protect the privacy of users and visitors to our website and the security of personal data that is available to us through the website.<\/p>\n<p>By using this website, you agree to the method of collecting and processing data described in this Statement and to the storage and access to cookies on your device.<\/p>\n<p>The Zagreb City Tourist Guides Association is committed to protecting users' personal data by collecting only the necessary, basic data about users that are necessary to fulfill our obligations; informing users about the method of using the collected data, and regularly giving users the opportunity to choose how their data is used.<\/p>\n<p>By using, visiting and browsing these websites, you accept and agree to the collection of users' personal data necessary for the provision of our services.<\/p>\n<p>Personal data is any data that relates to an individual whose identity has been determined or can be determined, directly or indirectly.<\/p>\n<p>Your personal data is protected in accordance with our Personal Data Protection Policy, which ensures an adequate level of personal data protection in accordance with the obligations arising from the General Data Protection Regulation 2016\/679 (GDPR) and other applicable laws related to the protection of personal data.<\/p>\n<p>We store personal data for as long as necessary to provide the requested service or the service for which you have given consent, unless otherwise provided by law.<\/p>\n<p>If the client no longer wants us to process their data in any way and requests that the data be deleted, they must notify us by email to the address <a href=\"mailto:info@zagrebguides.com\">info@zagrebguides.com<\/a>.<\/p>\n<p>&nbsp;<\/p>\n<h2>ACCURACY OF OFFERS, INFORMATION AND IMAGES<\/h2>\n<p class=\"translation-block\">In presenting complete offers, packages, prices, images, information on the pages of the Zagreb Tourist Guides Association, we try to ensure their accuracy and validity, but we cannot guarantee their absolute accuracy and validity. We would like to thank everyone whose images and information we use in presenting our offer. If you notice an error in any information, image, data, please point it out to us by sending an email or feel free to contact us by phone. Thank you in advance.\nAlso, if for some random reason our pages contain photos or descriptions owned by a third party that has not strictly permitted their use, please contact us, and they will be removed immediately. Thank you for your understanding.<\/p>\n\n\t\t<\/div>\n\t<\/div>\n\n\t<div class=\"wpb_text_column wpb_content_element\" >\n\t\t<div class=\"wpb_wrapper\">\n\t\t\t<h5 style=\"text-align: center;\">Thank you to the authors of the videos and beautiful images on our website: World in 4K, Gustavo Parra and Marko Tomic from Pixabay, M. Vrdoljak, M. Ga\u0161parovi\u0107, Bo\u0161ka and Kre\u0161o and the Zagreb Tourist Board.<\/h5>\n\n\t\t<\/div>\n\t<\/div>\n\n\t\t<\/div>\n\t<\/div>\n\n<\/div>\n<\/div>\n\n<div  class=\"content_row row vc_row wpb_row  default-style fullwidth\" >\n\t\n\t<div class=\"content_row_wrapper  align-contents content-align-middle default\" style=\"padding-top:100px;height:58px;\">\n\t<div class=\"vc_col-sm-12 wpb_column vc_column_container\">\n\t\t<div class=\"wpb_wrapper\">\n\t\t\t\n\t\t<\/div>\n\t<\/div>\n\n<\/div>\n<\/div>","protected":false},"excerpt":{"rendered":"Izjava o za\u0161titi privatnosti podataka ure\u0111uje na\u010din postupanja s Va\u0161im osobnim podacima koji se prikupljaju i obra\u0111uju prilikom posjeta internet stranici te primjenu kola\u010di\u0107a (cookies) na internetskim stranicama. Ovom Izjavom obvezujemo se da \u0107emo za\u0161titi privatnost korisnika i posjetitelja na\u0161e Internet stranice te sigurnost osobnih podataka koji su nam dostupni putem navedene stranice. Kori\u0161tenjem ove [...]","protected":false},"author":30,"featured_media":0,"parent":0,"menu_order":0,"comment_status":"closed","ping_status":"closed","template":"","meta":{"_glsr_average":0,"_glsr_ranking":0,"_glsr_reviews":0,"footnotes":""},"categories":[],"tags":[],"class_list":["post-27578","page","type-page","status-publish","hentry"],"_links":{"self":[{"href":"https:\/\/www.zagrebguides.com\/en\/wp-json\/wp\/v2\/pages\/27578","targetHints":{"allow":["GET"]}}],"collection":[{"href":"https:\/\/www.zagrebguides.com\/en\/wp-json\/wp\/v2\/pages"}],"about":[{"href":"https:\/\/www.zagrebguides.com\/en\/wp-json\/wp\/v2\/types\/page"}],"author":[{"embeddable":true,"href":"https:\/\/www.zagrebguides.com\/en\/wp-json\/wp\/v2\/users\/30"}],"replies":[{"embeddable":true,"href":"https:\/\/www.zagrebguides.com\/en\/wp-json\/wp\/v2\/comments?post=27578"}],"version-history":[{"count":5,"href":"https:\/\/www.zagrebguides.com\/en\/wp-json\/wp\/v2\/pages\/27578\/revisions"}],"predecessor-version":[{"id":30781,"href":"https:\/\/www.zagrebguides.com\/en\/wp-json\/wp\/v2\/pages\/27578\/revisions\/30781"}],"wp:attachment":[{"href":"https:\/\/www.zagrebguides.com\/en\/wp-json\/wp\/v2\/media?parent=27578"}],"wp:term":[{"taxonomy":"category","embeddable":true,"href":"https:\/\/www.zagrebguides.com\/en\/wp-json\/wp\/v2\/categories?post=27578"},{"taxonomy":"post_tag","embeddable":true,"href":"https:\/\/www.zagrebguides.com\/en\/wp-json\/wp\/v2\/tags?post=27578"}],"curies":[{"name":"wp","href":"https:\/\/api.w.org\/{rel}","templated":true}]}}