{"id":27602,"date":"2021-03-04T13:44:16","date_gmt":"2021-03-04T12:44:16","guid":{"rendered":"https:\/\/picek.pravipogled.hr\/?page_id=27602"},"modified":"2025-11-07T12:18:42","modified_gmt":"2025-11-07T11:18:42","slug":"kontakt","status":"publish","type":"page","link":"https:\/\/www.zagrebguides.com\/en\/kontakt\/","title":{"rendered":"Contact"},"content":{"rendered":"<div class=\"content_row row vc_row wpb_row  wpb_animate_when_almost_visible wpb_fadeIn fadeIn  wpb_animate_when_almost_visible wpb_fadeIn fadeIn default-style fullwidth border_grid fixed_heights\" style=\"background-color: #ffffff;\">\n\t\n\t<div class=\"content_row_wrapper  default\" style=\"padding-top:80px;\"><div class=\"vc_col-sm-4 wpb_column vc_column_container\">\n\t\t<div class=\"wpb_wrapper\">\n\t\t\t<div class=\"rt_heading_wrapper style-5\">\n\t\t\t\t\t\t<h3 class=\"rt_heading  style-5\" >ORGANIZATION INFO<\/h3>\n\t\t\t\t\t<\/div>\n\t<div class=\"wpb_text_column wpb_content_element\" >\n\t\t<div class=\"wpb_wrapper\">\n\t\t\t<p><strong>Zagreb Tourist Guides Organization - Zagreb Guides<\/strong><\/p>\n<p><strong>A: <\/strong>Pavla Radi\u0107a 3a, 10000 Zagreb, Hrvatska<br \/>\n<strong>T:<\/strong> <a href=\"tel:00385912888858\" target=\"_self\">091 288 8858<\/a><br \/>\n<strong>E:<\/strong> <a href=\"mailto:info@zagrebguides.com\">info@zagrebguides.com<\/a><\/p>\n<p><strong>VAT<\/strong> 36773678597<br \/>\n<strong>President<\/strong> Tin Hrastnik<\/p>\n\n\t\t<\/div>\n\t<\/div>\n<div class=\"vc_empty_space\"   style=\"height: 32px\"><span class=\"vc_empty_space_inner\"><\/span><\/div>\n\t<div  class=\"wpb_single_image wpb_content_element vc_align_left wpb_content_element\">\n\t\t\n\t\t<figure class=\"wpb_wrapper vc_figure\">\n\t\t\t<div class=\"vc_single_image-wrapper   vc_box_border_grey\"><img loading=\"lazy\" decoding=\"async\" width=\"207\" height=\"79\" src=\"https:\/\/www.zagrebguides.com\/wp-content\/uploads\/2025\/04\/zguidesLogo.png\" class=\"vc_single_image-img attachment-full\" alt=\"\" title=\"zguidesLogo\" \/><\/div>\n\t\t<\/figure>\n\t<\/div>\n\n\t\t<\/div>\n\t<\/div>\n\n\t<div class=\"vc_col-sm-8 wpb_column vc_column_container\">\n\t\t<div class=\"wpb_wrapper\">\n\t\t\t<div class=\"rt_heading_wrapper style-5\">\n\t\t\t\t\t\t<h3 class=\"rt_heading  style-5\" >CONTACT US<\/h3>\n\t\t\t\t\t<\/div>\n\t<div class=\"wpb_text_column wpb_content_element\" >\n\t\t<div class=\"wpb_wrapper\">\n\t\t\t<div class='fluentform ff-default fluentform_wrapper_4 ffs_default_wrap'><form data-form_id=\"4\" id=\"fluentform_4\" class=\"frm-fluent-form fluent_form_4 ff-el-form-top ff_form_instance_4_1 ff-form-loading ffs_default\" data-form_instance=\"ff_form_instance_4_1\" method=\"POST\" data-turnstile_key=\"0x4AAAAAABePzJYunj4eeW1U\" action=\"\" ><fieldset  style=\"border: none!important;margin: 0!important;padding: 0!important;background-color: transparent!important;box-shadow: none!important;outline: none!important; min-inline-size: 100%;\">\n                    <legend class=\"ff_screen_reader_title\" style=\"display: block; margin: 0!important;padding: 0!important;height: 0!important;text-indent: -999999px;width: 0!important;overflow:hidden;\">Obrazac kontakt<\/legend>        <div\n                style=\"display: none!important; position: absolute!important; transform: translateX(1000%)!important;\"\n                class=\"ff-el-group ff-hpsf-container\"\n        >\n            <div class=\"ff-el-input--label asterisk-right\">\n                <label for=\"ff_4_item_sf\" aria-label=\"Newsletter\">\n                    Newsletter                <\/label>\n            <\/div>\n            <div class=\"ff-el-input--content\">\n                <input type=\"text\"\n                       name=\"item_4__fluent_sf\"\n                       class=\"ff-el-form-control\"\n                       id=\"ff_4_item_sf\"\n                \/>\n            <\/div>\n        <\/div>\n        <input type='hidden' name='__fluent_form_embded_post_id' value='27602' \/><input type=\"hidden\" id=\"_fluentform_4_fluentformnonce\" name=\"_fluentform_4_fluentformnonce\" value=\"d0ca594a37\" \/><input type=\"hidden\" name=\"_wp_http_referer\" value=\"\/en\/wp-json\/wp\/v2\/pages\/27602\" \/><div data-name=\"ff_cn_id_1\"  class='ff-t-container ff-column-container ff_columns_total_1 formColorEdo'><div class='ff-t-cell ff-t-column-1' style='flex-basis: 100%;'><div class='ff-el-group ff-el-form-top'><div class=\"ff-el-input--label ff-el-is-required asterisk-right\"><label for='ff_4_input_text_2' id='label_ff_4_input_text_2' aria-label=\"Name\">Name<\/label><\/div><div class='ff-el-input--content'><input type=\"text\" name=\"input_text_2\" class=\"ff-el-form-control\" placeholder=\"Your name\" data-name=\"input_text_2\" id=\"ff_4_input_text_2\"  aria-invalid=\"false\" aria-required=\"true\"><\/div><\/div><div class='ff-el-group ff-el-form-top'><div class=\"ff-el-input--label ff-el-is-required asterisk-right\"><label for='ff_4_email' id='label_ff_4_email' aria-label=\"Email\">Email<\/label><\/div><div class='ff-el-input--content'><input type=\"email\" name=\"email\" id=\"ff_4_email\" class=\"ff-el-form-control\" placeholder=\"Your email\" data-name=\"email\"  aria-invalid=\"false\" aria-required=\"true\"><\/div><\/div><div class='ff-el-group'><div class=\"ff-el-input--label ff-el-is-required asterisk-right\"><label for='ff_4_input_text_1' id='label_ff_4_input_text_1' aria-label=\"Phone\">Phone<\/label><\/div><div class='ff-el-input--content'><input type=\"text\" name=\"input_text_1\" class=\"ff-el-form-control\" placeholder=\"So that we can contact you faster\" data-name=\"input_text_1\" id=\"ff_4_input_text_1\"  aria-invalid=\"false\" aria-required=\"true\"><\/div><\/div><div class='ff-el-group ff-el-form-top'><div class=\"ff-el-input--label asterisk-right\"><label for='ff_4_description' id='label_ff_4_description' aria-label=\"Message\">Message<\/label><\/div><div class='ff-el-input--content'><textarea aria-required=\"false\" aria-labelledby=\"label_ff_4_description\" name=\"description\" id=\"ff_4_description\" class=\"ff-el-form-control\" placeholder=\"Ask us what you want, we will answer you as soon as possible\" rows=\"7\" cols=\"1\" data-name=\"description\" ><\/textarea><\/div><\/div><div class='ff-el-group  ff-custom_html' tabindex='-1' data-name=\"custom_html-4_1\" ><p><small>We are committed to protecting the privacy of all our customers. We only collect necessary user data. All user data is strictly protected and is only accessible to employees who need it to provide services. We never use the data collected in this way for promotional purposes. All our employees and business partners are responsible for respecting the principles of privacy protection. <a href=\"https:\/\/www.zagrebguides.com\/en\/sigurnost-i-zastita-podataka\/\" target=\"_blank\" rel=\"noopener\">Security and data protection<\/a><\/small><\/p><\/div><div class='ff-el-group    ff-el-input--content'><div class='ff-el-form-check ff-el-tc'><label aria-label='\u00a0I agree to the terms and conditions and data protection' class='ff-el-form-check-label ff_tc_label' for=\"terms-n-condition_90b58c8bb22b06a69e069c6a044d3aca\"><span class='ff_tc_checkbox'><input type=\"checkbox\" name=\"terms-n-condition\" class=\"ff-el-form-check-input\" data-name=\"terms-n-condition\" id=\"terms-n-condition_90b58c8bb22b06a69e069c6a044d3aca\"  value='on' aria-invalid='false' aria-required=\"true\"><\/span> <div class='ff_t_c'><p style=\"text-align: left\">\u00a0I agree to the terms and conditions and data protection<\/p><\/div><\/label><\/div><\/div><div class='ff-el-group' ><div class='ff-el-input--content'><div data-fluent_id='4' name='cf-turnstile-response'><div\n\t\tdata-sitekey='0x4AAAAAABePzJYunj4eeW1U'\n\t\tdata-theme='auto'\n\t\tid='fluentform-turnstile-4-1'\n\t\tclass='ff-el-turnstile cf-turnstile'\n\t\tdata-appearance='execute'><\/div><\/div><\/div><\/div><div class='ff-el-group ff-text-center ff_submit_btn_wrapper ff_submit_btn_wrapper_custom'><button class=\"ff-btn ff-btn-submit ff-btn-lg ff_btn_style wpf_has_custom_css\" type=\"submit\" name=\"custom_submit_button-4_2\" data-name=\"custom_submit_button-4_2\"  aria-label=\"Send a message\">Send a message<\/button><style>form.fluent_form_4 .wpf_has_custom_css.ff-btn-submit { background-color:rgba(24, 29, 36, 1);border-color:rgba(24, 29, 36, 1);color:rgba(170, 182, 200, 1);min-width:100%; }form.fluent_form_4 .wpf_has_custom_css.ff-btn-submit:hover { background-color:#ffffff;border-color:rgba(24, 29, 36, 1);color:rgba(24, 29, 36, 1);min-width:100%; } <\/style><\/div><\/div><\/div><\/fieldset><input type=\"hidden\" name=\"trp-form-language\" value=\"en\"\/><\/form><div id='fluentform_4_errors' class='ff-errors-in-stack ff_form_instance_4_1 ff-form-loading_errors ff_form_instance_4_1_errors'><\/div><\/div>            <script type=\"text\/javascript\">\n                window.fluent_form_ff_form_instance_4_1 = {\"id\":\"4\",\"settings\":{\"layout\":{\"labelPlacement\":\"top\",\"helpMessagePlacement\":\"with_label\",\"errorMessagePlacement\":\"inline\",\"asteriskPlacement\":\"asterisk-right\"},\"restrictions\":{\"denyEmptySubmission\":{\"enabled\":false}}},\"form_instance\":\"ff_form_instance_4_1\",\"form_id_selector\":\"fluentform_4\",\"rules\":{\"input_text_2\":{\"required\":{\"value\":true,\"message\":\"Polje je obavezno\",\"global_message\":\"Polje je obavezno\",\"global\":true}},\"email\":{\"required\":{\"value\":true,\"message\":\"Polje je obavezno\",\"global_message\":\"Polje je obavezno\",\"global\":true},\"email\":{\"value\":true,\"message\":\"Email adresa nije valjana\",\"global_message\":\"Email adresa nije valjana\",\"global\":true}},\"input_text_1\":{\"required\":{\"value\":true,\"message\":\"Polje je obavezno\",\"global_message\":\"Polje je obavezno\",\"global\":true}},\"description\":{\"required\":{\"value\":false,\"message\":\"Polje je obavezno\",\"global_message\":\"Polje je obavezno\",\"global\":true}},\"terms-n-condition\":{\"required\":{\"value\":true,\"message\":\"Polje je obavezno\",\"global_message\":\"Polje je obavezno\",\"global\":true}},\"cf-turnstile-response\":[]},\"debounce_time\":300};\n                            <\/script>\n            \n\n\t\t<\/div>\n\t<\/div>\n\n\t\t<\/div>\n\t<\/div>\n<\/div>\n<\/div>\n\n<div  class=\"content_row row vc_row wpb_row  default-style default\" >\n\t\n\t<div class=\"content_row_wrapper\" >\n\t<div class=\"vc_col-sm-12 wpb_column vc_column_container\">\n\t\t<div class=\"wpb_wrapper\">\n\t\t\t<div class=\"vc_empty_space\"   style=\"height: 100px\"><span class=\"vc_empty_space_inner\"><\/span><\/div>\n\t\t<\/div>\n\t<\/div>\n\n<\/div>\n<\/div>\n\n<div  class=\"content_row row vc_row wpb_row  default-style fullwidth\" >\n\t\n\t<div class=\"content_row_wrapper  align-contents content-align-middle nopadding fullwidth\" style=\"height:190px;\">\n\t<div class=\"vc_col-sm-12 wpb_column vc_column_container\">\n\t\t<div class=\"wpb_wrapper\">\n\t\t\t\n\t\t<\/div>\n\t<\/div>\n\n<\/div>\n<\/div>","protected":false},"excerpt":{"rendered":"PODACI O UDRUZI Udruga turisti\u010dkih vodi\u010da Grada Zagreba \u2013 Zagreba\u010dki vodi\u010di A: Pavla Radi\u0107a 3a, 10000 Zagreb, Hrvatska T: 091 288 8858 E: info@zagrebguides.com OIB 36773678597 Udrugu zastupa predsjednik: Tin Hrastnik KONTAKTIRAJTE NAS Obrazac kontakt Subscribe ImeEmailTelefon\/MobitelVa\u0161a porukaObavezujemo se da \u0107emo \u010duvati privatnost svih na\u0161ih kupaca. Prikupljamo samo nu\u017ene podatke o korisnicima. Svi se podaci [...]","protected":false},"author":30,"featured_media":0,"parent":0,"menu_order":0,"comment_status":"closed","ping_status":"closed","template":"","meta":{"_glsr_average":0,"_glsr_ranking":0,"_glsr_reviews":0,"footnotes":""},"categories":[],"tags":[],"class_list":["post-27602","page","type-page","status-publish","hentry"],"_links":{"self":[{"href":"https:\/\/www.zagrebguides.com\/en\/wp-json\/wp\/v2\/pages\/27602","targetHints":{"allow":["GET"]}}],"collection":[{"href":"https:\/\/www.zagrebguides.com\/en\/wp-json\/wp\/v2\/pages"}],"about":[{"href":"https:\/\/www.zagrebguides.com\/en\/wp-json\/wp\/v2\/types\/page"}],"author":[{"embeddable":true,"href":"https:\/\/www.zagrebguides.com\/en\/wp-json\/wp\/v2\/users\/30"}],"replies":[{"embeddable":true,"href":"https:\/\/www.zagrebguides.com\/en\/wp-json\/wp\/v2\/comments?post=27602"}],"version-history":[{"count":5,"href":"https:\/\/www.zagrebguides.com\/en\/wp-json\/wp\/v2\/pages\/27602\/revisions"}],"predecessor-version":[{"id":30829,"href":"https:\/\/www.zagrebguides.com\/en\/wp-json\/wp\/v2\/pages\/27602\/revisions\/30829"}],"wp:attachment":[{"href":"https:\/\/www.zagrebguides.com\/en\/wp-json\/wp\/v2\/media?parent=27602"}],"wp:term":[{"taxonomy":"category","embeddable":true,"href":"https:\/\/www.zagrebguides.com\/en\/wp-json\/wp\/v2\/categories?post=27602"},{"taxonomy":"post_tag","embeddable":true,"href":"https:\/\/www.zagrebguides.com\/en\/wp-json\/wp\/v2\/tags?post=27602"}],"curies":[{"name":"wp","href":"https:\/\/api.w.org\/{rel}","templated":true}]}}