{"id":29236,"date":"2023-01-12T11:24:00","date_gmt":"2023-01-12T10:24:00","guid":{"rendered":"https:\/\/picek.pravipogled.hr\/?page_id=29236"},"modified":"2025-04-11T10:31:33","modified_gmt":"2025-04-11T08:31:33","slug":"zagreb","status":"publish","type":"page","link":"https:\/\/www.zagrebguides.com\/en\/zagreb\/","title":{"rendered":"City of Zagreb"},"content":{"rendered":"<div class=\"content_row row vc_row wpb_row  wpb_animate_when_almost_visible wpb_fadeIn fadeIn  wpb_animate_when_almost_visible wpb_fadeIn fadeIn default-style default\" >\n\t\n\t<div class=\"content_row_wrapper\" >\n\t<div class=\"vc_col-sm-12 wpb_column vc_column_container\">\n\t\t<div class=\"wpb_wrapper\">\n\t\t\t\n<div class=\"vc_grid-container-wrapper vc_clearfix vc_grid-animation-fadeIn\">\n\t<div class=\"vc_grid-container vc_clearfix wpb_content_element vc_media_grid\" data-initial-loading-animation=\"fadeIn\" data-vc-grid-settings=\"{&quot;page_id&quot;:29236,&quot;style&quot;:&quot;all&quot;,&quot;action&quot;:&quot;vc_get_vc_grid_data&quot;,&quot;shortcode_id&quot;:&quot;1744360246573-bc7a97d5-26f8-0&quot;,&quot;tag&quot;:&quot;vc_media_grid&quot;}\" data-vc-request=\"https:\/\/www.zagrebguides.com\/wp-admin\/admin-ajax.php\" data-vc-post-id=\"29236\" data-vc-public-nonce=\"6243069b7a\">\n\t\t\n\t<\/div>\n<\/div>\n\t<div class=\"wpb_text_column wpb_content_element\" >\n\t\t<div class=\"wpb_wrapper\">\n\t\t\t<h2>IN THE SPOTLIGHT<\/h2>\n<h2>Upper Town<\/h2>\n<p class=\"translation-block\"><strong>Kaptol and Gradec<\/strong> \u2013 two settlements that lived side by side for centuries, and in 1850 they united into the Royal City of Zagreb, which gave rise to the city as we know it today. Kaptol and Gradec are home to several cultural and historical monuments, tourist attractions, museums and galleries.<\/p>\n<p class=\"translation-block\">Neither Kaptol nor Gradec are ghost towns, people live, shop, drink coffee, go out and have fun around them and in them. On Kaptol you will see the <strong>Cathedral of the Assumption of the Blessed Virgin Mary<\/strong>, or as most people know it - the Zagreb Cathedral, with its two recognizable neo-Gothic towers that form a well-known view of the city. Just a few steps from the Cathedral you will come across <strong>Dolac - \u201cthe belly of Zagreb\u201d<\/strong> - the central city market, one of the most beautiful postcards of the city, enjoyed by both Zagreb residents and their guests, full of scents and colors, fruits and vegetables, sellers and buyers whether summer or winter. When you get tired of shopping, join us for a coffee at <strong>Tkal\u010di\u0107eva<\/strong>. Tkal\u010da, as it is affectionately called, is the right place to socialize, watch passersby and relax. If we go up Radi\u0107eva Street, we will reach Kamenite vrata, the shrine of the Mother of God of <strong>Kamenite vrata<\/strong> \u2013 the patron saint of Zagreb, where candles are always burning, and thanksgivings on marble tiles adorn the walls. Through Kamenite vrata we enter Gradec, and along Kamenite vrata we climb to <strong>St. Mark's Square<\/strong>, which has been the center of life in Gradec since ancient times, and today is the administrative center of Croatia because it is where the Croatian Parliament and the Ban's Palace are located. The square is dominated by <strong>St. Mark's Church<\/strong> and its roof made of glazed tiles with the coat of arms of the Tripartite Kingdom of Croatia, Slavonia and Dalmatia on the left and the coat of arms of the city of Zagreb on the right side of the roof \u2013 one of the recognizable symbols of the city. From Gradec we descend by funicular that began operating more than a century ago. We end our visit to Kaptol and Gradec with a short but sweet ride.<\/p>\n\n\t\t<\/div>\n\t<\/div>\n\n<div class=\"vc_grid-container-wrapper vc_clearfix vc_grid-animation-fadeIn\">\n\t<div class=\"vc_grid-container vc_clearfix wpb_content_element vc_media_grid\" data-initial-loading-animation=\"fadeIn\" data-vc-grid-settings=\"{&quot;page_id&quot;:29236,&quot;style&quot;:&quot;all&quot;,&quot;action&quot;:&quot;vc_get_vc_grid_data&quot;,&quot;shortcode_id&quot;:&quot;1744360246573-32cbad46-24a8-5&quot;,&quot;tag&quot;:&quot;vc_media_grid&quot;}\" data-vc-request=\"https:\/\/www.zagrebguides.com\/wp-admin\/admin-ajax.php\" data-vc-post-id=\"29236\" data-vc-public-nonce=\"6243069b7a\">\n\t\t\n\t<\/div>\n<\/div>\n\t<div class=\"wpb_text_column wpb_content_element\" >\n\t\t<div class=\"wpb_wrapper\">\n\t\t\t<h2>Lower Town<\/h2>\n<p><strong>Ban J. Jela\u010di\u0107 Square<\/strong><\/p>\n<p class=\"translation-block\">Ban Josip Jela\u0107i\u0107 Square (Governor Jela\u010di\u0107 Square), or simply The Square, is the main square in Zagreb and a meeting point for locals, as well as tourists. The Square is marked by the equestrian statue of Governor J. Jela\u010di\u0107 and many people, visitors and young locals, will take a seat at the bottom of it.<\/p>\n<p><strong>The Green horseshoe<\/strong><\/p>\n<p class=\"translation-block\">The Green horseshoe (the \"green heart of Zagreb\") consists of several square- parks and is an area of lush greenery in the city centre. Its name comes from a distinct U shape that can be seen on the map of Zagreb. These square- parks in Donji Grad (Lower Town) became part of Zagreb's urban plan at the end of 19th and beginning of the 20th ct. and are surrounded by historical buildings, many of which house various museums and galleries. The southern part is entirely comprised of the wonderful Botanical gardens- it extends on a surface of around 4.7 ha and has ten thousand plant species from Croatia and the whole world including some endangered ones.<\/p>\n<h2>A short hop away from the city centre<\/h2>\n<p><strong>Mirogoj<\/strong><\/p>\n<p>Mirogoj Cemetery is considered to be one of the most beautiful cemetery parks in Europe. It is not only a burial place but also a beautiful park and open art gallery. The well-known architect Herman Boll\u00e9 designed the shape of the cemetery, applying a monumental composition of arcades, pavilions and domes, intermingled with rich vegetation, and adding a gallery of sculptures by Croatian The cemetery inters members of all religious groups: Catholic, Orthodox, Muslim, Jewish, Protestant, Latter Day Saints and irreligious graves can all be found. In the arcades are the last resting places of many famous Croats.<\/p>\n\n\t\t<\/div>\n\t<\/div>\n<div class=\"vc_btn3-container vc_btn3-inline vc_do_btn\" ><a class=\"vc_general vc_btn3 vc_btn3-size-md vc_btn3-shape-rounded vc_btn3-style-flat vc_btn3-color-sky\" href=\"https:\/\/www.infozagreb.hr\/en\/multimedia\/brochures\" title=\"\" target=\"_blank\">Promotional brochure about Zagreb published by the Zagreb Tourist Board<\/a><\/div>\n\t\t<\/div>\n\t<\/div>\n\n<\/div>\n<\/div>\n\n<div  class=\"content_row row vc_row wpb_row  default-style default\" >\n\t\n\t<div class=\"content_row_wrapper\" >\n\t<div class=\"vc_col-sm-12 wpb_column vc_column_container\">\n\t\t<div class=\"wpb_wrapper\">\n\t\t\t<div class=\"vc_empty_space\"   style=\"height: 100px\"><span class=\"vc_empty_space_inner\"><\/span><\/div>\n\t\t<\/div>\n\t<\/div>\n\n<\/div>\n<\/div>\n\n<div  class=\"content_row row vc_row wpb_row  default-style fullwidth has-custom-bg\" >\n\t<div class=\"rt-parallax-background has-bg-image\" data-rt-parallax-speed=\"6\" data-rt-parallax-direction=\"1\" data-rt-parallax-effect=\"vertical\" style=\"background-image: url(https:\/\/www.zagrebguides.com\/wp-content\/uploads\/2025\/04\/zagreb-footer.png);background-repeat: no-repeat;background-size: auto auto;background-position: center bottom;width:100%;height:100%;top:0;\"><\/div>\n\t<div class=\"content_row_wrapper  align-contents content-align-middle nopadding fullwidth\" style=\"height:190px;\">\n\t<div class=\"vc_col-sm-12 wpb_column vc_column_container\">\n\t\t<div class=\"wpb_wrapper\">\n\t\t\t\n\t\t<\/div>\n\t<\/div>\n\n<\/div>\n<\/div>","protected":false},"excerpt":{"rendered":"U SREDI\u0160TU PA\u017dNJE Gornji grad Kaptol i Gradec - dva naselja koja su \u017eivjela jedan pored drugog stolje\u0107ima, a 1850. g. ujedinili su se u Kraljevski Grad Zagreb iz kojeg je nastao grad kakvog ga danas poznajemo. Na Kaptolu i Gradecu nalazi se nekolicina kulturno- povijesnih spomenika, turisti\u010dkih atrakcija, muzeja i galerija. Nisu ni Kaptol [...]","protected":false},"author":30,"featured_media":0,"parent":0,"menu_order":0,"comment_status":"closed","ping_status":"closed","template":"","meta":{"_glsr_average":0,"_glsr_ranking":0,"_glsr_reviews":0,"footnotes":""},"categories":[],"tags":[],"class_list":["post-29236","page","type-page","status-publish","hentry"],"_links":{"self":[{"href":"https:\/\/www.zagrebguides.com\/en\/wp-json\/wp\/v2\/pages\/29236","targetHints":{"allow":["GET"]}}],"collection":[{"href":"https:\/\/www.zagrebguides.com\/en\/wp-json\/wp\/v2\/pages"}],"about":[{"href":"https:\/\/www.zagrebguides.com\/en\/wp-json\/wp\/v2\/types\/page"}],"author":[{"embeddable":true,"href":"https:\/\/www.zagrebguides.com\/en\/wp-json\/wp\/v2\/users\/30"}],"replies":[{"embeddable":true,"href":"https:\/\/www.zagrebguides.com\/en\/wp-json\/wp\/v2\/comments?post=29236"}],"version-history":[{"count":5,"href":"https:\/\/www.zagrebguides.com\/en\/wp-json\/wp\/v2\/pages\/29236\/revisions"}],"predecessor-version":[{"id":30652,"href":"https:\/\/www.zagrebguides.com\/en\/wp-json\/wp\/v2\/pages\/29236\/revisions\/30652"}],"wp:attachment":[{"href":"https:\/\/www.zagrebguides.com\/en\/wp-json\/wp\/v2\/media?parent=29236"}],"wp:term":[{"taxonomy":"category","embeddable":true,"href":"https:\/\/www.zagrebguides.com\/en\/wp-json\/wp\/v2\/categories?post=29236"},{"taxonomy":"post_tag","embeddable":true,"href":"https:\/\/www.zagrebguides.com\/en\/wp-json\/wp\/v2\/tags?post=29236"}],"curies":[{"name":"wp","href":"https:\/\/api.w.org\/{rel}","templated":true}]}}