{"id":30641,"date":"2025-04-10T14:09:11","date_gmt":"2025-04-10T12:09:11","guid":{"rendered":"https:\/\/www.zagrebguides.com\/?page_id=30641"},"modified":"2026-03-04T13:56:36","modified_gmt":"2026-03-04T12:56:36","slug":"o-udruzi","status":"publish","type":"page","link":"https:\/\/www.zagrebguides.com\/en\/o-udruzi\/","title":{"rendered":"About us"},"content":{"rendered":"<div class=\"content_row row vc_row wpb_row  wpb_animate_when_almost_visible wpb_fadeIn fadeIn  wpb_animate_when_almost_visible wpb_fadeIn fadeIn default-style fullwidth border_grid fixed_heights\" style=\"background-color: #ffffff;\">\n\t\n\t<div class=\"content_row_wrapper  default\" style=\"padding-top:80px;\">\n\t<div class=\"vc_col-sm-12 wpb_column vc_column_container\">\n\t\t<div class=\"wpb_wrapper\">\n\t\t\t\n\t<div class=\"wpb_text_column wpb_content_element\" >\n\t\t<div class=\"wpb_wrapper\">\n\t\t\t<h2>MEMBERSHIP<\/h2>\n<p>The Tourist Guides Association of the City of Zagreb may have regular and associate members.<br \/>\nFull membership is granted to all licensed tourist guides with Croatian citizenship who have passed the general and special part of the tourist guide exam for Zagreb and the Zagreb County.<br \/>\nAffiliate membership can be granted to all natural and legal persons, regardless of their citizenship, who work in tourism or similar fields or are in any other way interested in furthering the Organization's activities.<\/p>\n<p>&nbsp;<\/p>\n<h2>CODE OF CONDUCT<\/h2>\n<p>The activities of the Association are managed by the President, Vice-President and the Board of Directors. All members are encouraged to actively participate in the work of the Assembly as well as to personally contribute to the projects and activities of the Association where possible, promoting the name and activities of the Association.<\/p>\n<p>*The members have to abide by the Organization's Code of Conduct which defines the duties of members to provide guiding services to their clients according to highest professional standards and contribute to objective presentation and understanding of destination.<\/p>\n<p>*Organization's members have to make sure that facts they present during their tour are objective, true and accurate, their presentation should be unbiased and should clearly mark the difference between facts, myths, legends and subjective accounts.<\/p>\n<div id=\"div\" class=\"more\">\n<p>*In order to protect the reputation of tourism in our country, members are obliged to ensure that during tourist guidance, visitors\/guests treat the environment, wildlife, landmarks and monuments with respect, as well as local customs and cultural sensitivity.<\/p>\n<p>*It is the duty of all members to treat former and current clients, colleagues in the profession and the public fairly and fairly.<\/p>\n<p>*Members of the Association are free to present their services to potential clients provided that they do not ask the client to violate a contract they already have with another member of the Association.<\/p>\n<p>*Members of the Association will not engage in any activities that could harm the reputation of the Association and the interests of its members.<\/p>\n<p>&nbsp;<\/p>\n<\/div>\n<h2>HOW TO BECOME A GUIDE<\/h2>\n<p>If you love working with people, you are fun and outgoing, you like walking around the city and at the same time learning new things, than this is the right profession for you!<\/p>\n<p>In order to become a guide, you must meet some formal requirements:<\/p>\n<p>- you have to be Croatian citizen<br \/>\n- be active on the labour market<br \/>\n- have at least a high-school degree<br \/>\n- be fluent in at least one foreign language<\/p>\n<div id=\"div\" class=\"more\">\n<p>The tourist guide exam consists of a general and a special part.<\/p>\n<p>The general part covers subjects such as the Political System of the Republic of Croatia, the Economic System of the Republic of Croatia, Basics of Tourism and Introduction to Tourism Business, Basics of Tourism Legislation, Croatian History, Tourist Geography of Croatia, Cultural and Historical Monuments and Other Sights of Croatia, Speaking and Writing Culture, Foreign Language (Exam Only), Operational and Technical Guiding Tasks for Tourist Guides.<\/p>\n<p>The special part of the course consists of lectures on the topic of the county for which the exam is being taken.<\/p>\n<p>The professional tourist guide exam is taken before an examination committee at a higher education institution designated by the Minister of Tourism to conduct professional exams for tourist guides.<\/p>\n<p>The law and regulations on tourism relating to tourist guides can be found on the website of the Ministry of Tourism.<\/p>\n<\/div>\n\n\t\t<\/div>\n\t<\/div>\n\n\t\t<\/div>\n\t<\/div>\n\n<\/div>\n<\/div>\n\n<div  class=\"content_row row vc_row wpb_row  default-style default\" >\n\t\n\t<div class=\"content_row_wrapper\" ><div class=\"vc_col-sm-4 wpb_column vc_column_container\">\n\t\t<div class=\"wpb_wrapper\">\n\t\t\t<div class=\"vc_btn3-container vc_btn3-center vc_do_btn\" ><a class=\"vc_general vc_btn3 vc_btn3-size-lg vc_btn3-shape-rounded vc_btn3-style-flat vc_btn3-block vc_btn3-icon-left vc_btn3-color-sky\" href=\"https:\/\/www.zagrebguides.com\/wp-content\/uploads\/2025\/05\/STATUT-ZGuides.pdf\" title=\"\" target=\"_blank\"><i class=\"vc_btn3-icon\"><\/i> ASSOCIATION STATUTE<\/a><\/div>\n\t\t<\/div>\n\t<\/div>\n\n\t<div class=\"vc_col-sm-4 wpb_column vc_column_container\">\n\t\t<div class=\"wpb_wrapper\">\n\t\t\t<div class=\"vc_btn3-container vc_btn3-center vc_do_btn\" ><a class=\"vc_general vc_btn3 vc_btn3-size-lg vc_btn3-shape-rounded vc_btn3-style-flat vc_btn3-block vc_btn3-icon-left vc_btn3-color-sky\" href=\"https:\/\/www.zagrebguides.com\/wp-content\/uploads\/2025\/05\/Odluka-o-izjmenama-i-dopunama-statuta.pdf\" title=\"\" target=\"_blank\"><i class=\"vc_btn3-icon\"><\/i> AMENDMENTS TO THE STATUTE (2019)<\/a><\/div>\n\t\t<\/div>\n\t<\/div>\n\n\t<div class=\"vc_col-sm-4 wpb_column vc_column_container\">\n\t\t<div class=\"wpb_wrapper\">\n\t\t\t<div class=\"vc_btn3-container vc_btn3-center vc_do_btn\" ><a class=\"vc_general vc_btn3 vc_btn3-size-lg vc_btn3-shape-rounded vc_btn3-style-flat vc_btn3-block vc_btn3-icon-left vc_btn3-color-sky\" href=\"https:\/\/www.zagrebguides.com\/wp-content\/uploads\/2026\/03\/DOPUNE-STATUT.pdf\" title=\"\" target=\"_blank\"><i class=\"vc_btn3-icon\"><\/i> AMENDMENTS TO THE STATUTE (2025)<\/a><\/div>\n\t\t<\/div>\n\t<\/div>\n<\/div>\n<\/div>\n\n<div  class=\"content_row row vc_row wpb_row  default-style default\" >\n\t\n\t<div class=\"content_row_wrapper\" >\n\t<div class=\"vc_col-sm-12 wpb_column vc_column_container\">\n\t\t<div class=\"wpb_wrapper\">\n\t\t\t<div class=\"vc_empty_space\"   style=\"height: 100px\"><span class=\"vc_empty_space_inner\"><\/span><\/div>\n\t\t<\/div>\n\t<\/div>\n\n<\/div>\n<\/div>\n\n<div  class=\"content_row row vc_row wpb_row  default-style fullwidth has-custom-bg\" >\n\t<div class=\"rt-parallax-background has-bg-image\" data-rt-parallax-speed=\"6\" data-rt-parallax-direction=\"1\" data-rt-parallax-effect=\"vertical\" style=\"background-image: url(https:\/\/www.zagrebguides.com\/wp-content\/uploads\/2025\/04\/zagreb-footer.png);background-repeat: no-repeat;background-size: auto auto;background-position: center bottom;width:100%;height:100%;top:0;\"><\/div>\n\t<div class=\"content_row_wrapper  align-contents content-align-middle nopadding fullwidth\" style=\"height:190px;\">\n\t<div class=\"vc_col-sm-12 wpb_column vc_column_container\">\n\t\t<div class=\"wpb_wrapper\">\n\t\t\t\n\t\t<\/div>\n\t<\/div>\n\n<\/div>\n<\/div>","protected":false},"excerpt":{"rendered":"\u010cLANSTVO Udruga turisti\u010dkih vodi\u010da Grada Zagreba mo\u017ee imati redovne i izvanredne \u010dlanove. Redovni \u010dlan Udruge mo\u017ee postati svaki stru\u010dni turisti\u010dki vodi\u010d dr\u017eavljanin Republike Hrvatske koji je polo\u017eio op\u0107i i posebni dio stru\u010dnog ispita za turisti\u010dke vodi\u010de za Grad Zagreb i Zagreba\u010dku \u017eupaniju. Izvanrednim \u010dlanom Udruge mo\u017ee postati svaka fizi\u010dka ili pravna osoba, bez obzira na [...]","protected":false},"author":30,"featured_media":0,"parent":0,"menu_order":0,"comment_status":"closed","ping_status":"closed","template":"","meta":{"_glsr_average":0,"_glsr_ranking":0,"_glsr_reviews":0,"footnotes":""},"categories":[],"tags":[],"class_list":["post-30641","page","type-page","status-publish","hentry"],"_links":{"self":[{"href":"https:\/\/www.zagrebguides.com\/en\/wp-json\/wp\/v2\/pages\/30641","targetHints":{"allow":["GET"]}}],"collection":[{"href":"https:\/\/www.zagrebguides.com\/en\/wp-json\/wp\/v2\/pages"}],"about":[{"href":"https:\/\/www.zagrebguides.com\/en\/wp-json\/wp\/v2\/types\/page"}],"author":[{"embeddable":true,"href":"https:\/\/www.zagrebguides.com\/en\/wp-json\/wp\/v2\/users\/30"}],"replies":[{"embeddable":true,"href":"https:\/\/www.zagrebguides.com\/en\/wp-json\/wp\/v2\/comments?post=30641"}],"version-history":[{"count":5,"href":"https:\/\/www.zagrebguides.com\/en\/wp-json\/wp\/v2\/pages\/30641\/revisions"}],"predecessor-version":[{"id":30897,"href":"https:\/\/www.zagrebguides.com\/en\/wp-json\/wp\/v2\/pages\/30641\/revisions\/30897"}],"wp:attachment":[{"href":"https:\/\/www.zagrebguides.com\/en\/wp-json\/wp\/v2\/media?parent=30641"}],"wp:term":[{"taxonomy":"category","embeddable":true,"href":"https:\/\/www.zagrebguides.com\/en\/wp-json\/wp\/v2\/categories?post=30641"},{"taxonomy":"post_tag","embeddable":true,"href":"https:\/\/www.zagrebguides.com\/en\/wp-json\/wp\/v2\/tags?post=30641"}],"curies":[{"name":"wp","href":"https:\/\/api.w.org\/{rel}","templated":true}]}}