{"id":30856,"date":"2025-12-09T13:41:15","date_gmt":"2025-12-09T12:41:15","guid":{"rendered":"https:\/\/www.zagrebguides.com\/?page_id=30856"},"modified":"2025-12-10T09:19:00","modified_gmt":"2025-12-10T08:19:00","slug":"korisni-linkovi","status":"publish","type":"page","link":"https:\/\/www.zagrebguides.com\/en\/korisni-linkovi\/","title":{"rendered":"Useful links"},"content":{"rendered":"<div class=\"content_row row vc_row wpb_row  wpb_animate_when_almost_visible wpb_fadeIn fadeIn  wpb_animate_when_almost_visible wpb_fadeIn fadeIn default-style fullwidth border_grid fixed_heights\" style=\"background-color: #ffffff;\">\n\t\n\t<div class=\"content_row_wrapper  default\" style=\"padding-top:80px;\">\n\t<div class=\"vc_col-sm-12 wpb_column vc_column_container\">\n\t\t<div class=\"wpb_wrapper\">\n\t\t\t\n\t<div class=\"wpb_text_column wpb_content_element\" >\n\t\t<div class=\"wpb_wrapper\">\n\t\t\t<p><a href=\"https:\/\/www.zagrebparking.hr\/en\" target=\"_blank\" rel=\"noopener\">Parking for cars and minivans<\/a><\/p>\n<p><a href=\"https:\/\/www.akz.hr\/services\/bus-parking-lot\/75\" target=\"_blank\" rel=\"noopener\">Tourist Bus parking<\/a><\/p>\n<p><a href=\"https:\/\/www.infozagreb.hr\/en\/travel-plan\/tourist-information\/tourist-buses-in-the-city-of-zagreb\" target=\"_blank\" rel=\"noopener\">Halting of the tourist bus (boarding \/ leaving)<\/a><\/p>\n<p><a href=\"https:\/\/www.infozagreb.hr\/en\/explore-zagreb\/culture\/museums\" target=\"_blank\" rel=\"noopener\">City of Zagreb Museums<\/a><\/p>\n<p><a href=\"https:\/\/www.infozagreb.hr\/en\/explore-zagreb\/culture\/theatres\" target=\"_blank\" rel=\"noopener\">Theatres<\/a><\/p>\n<p><a href=\"https:\/\/www.infozagreb.hr\/en\/events\" target=\"_blank\" rel=\"noopener\">Events in Zagreb<\/a><\/p>\n<p><a href=\"https:\/\/www.infozagreb.hr\/en\/explore-zagreb\/attractions\/parks\" target=\"_blank\" rel=\"noopener\">Parks in Zagreb<\/a><\/p>\n<p><a href=\"https:\/\/www.infozagreb.hr\/en\/travel-plan\/traveling-in-town\/public-transport-and-parking\" target=\"_blank\" rel=\"noopener\">Public transport<\/a><\/p>\n<p><a href=\"https:\/\/www.infozagreb.hr\/en\/travel-plan\/accommodation\" target=\"_blank\" rel=\"noopener\">Accomodation<\/a><\/p>\n<p><a href=\"https:\/\/www.infozagreb.hr\/en\/travel-plan\/tourist-information\/tourist-information-centers\" target=\"_blank\" rel=\"noopener\">Tourist information centers<\/a><\/p>\n<p><strong>Arrival to City of Zagreb<\/strong><br \/>\n<a href=\"https:\/\/www.infozagreb.hr\/en\/travel-plan\/arrival\/by-train\" target=\"_blank\" rel=\"noopener\">By train<\/a><br \/>\n<a href=\"https:\/\/www.infozagreb.hr\/en\/travel-plan\/arrival\/by-car\" target=\"_blank\" rel=\"noopener\">By car<\/a><br \/>\n<a href=\"https:\/\/www.infozagreb.hr\/en\/travel-plan\/arrival\/by-bus\" target=\"_blank\" rel=\"noopener\">By bus<\/a><br \/>\n<a href=\"https:\/\/www.infozagreb.hr\/en\/travel-plan\/arrival\/by-plane\" target=\"_blank\" rel=\"noopener\">By plane<\/a><\/p>\n<p><a href=\"https:\/\/www.infozagreb.hr\/en\/travel-plan\/other-information\" target=\"_blank\" rel=\"noopener\">Other information<\/a><\/p>\n\n\t\t<\/div>\n\t<\/div>\n\n\t\t<\/div>\n\t<\/div>\n\n<\/div>\n<\/div>\n\n<div  class=\"content_row row vc_row wpb_row  default-style default\" >\n\t\n\t<div class=\"content_row_wrapper\" >\n\t<div class=\"vc_col-sm-12 wpb_column vc_column_container\">\n\t\t<div class=\"wpb_wrapper\">\n\t\t\t<div class=\"vc_empty_space\"   style=\"height: 100px\"><span class=\"vc_empty_space_inner\"><\/span><\/div>\n\t\t<\/div>\n\t<\/div>\n\n<\/div>\n<\/div>\n\n<div  class=\"content_row row vc_row wpb_row  default-style fullwidth has-custom-bg\" >\n\t<div class=\"rt-parallax-background has-bg-image\" data-rt-parallax-speed=\"6\" data-rt-parallax-direction=\"1\" data-rt-parallax-effect=\"vertical\" style=\"background-image: url(https:\/\/www.zagrebguides.com\/wp-content\/uploads\/2025\/04\/zagreb-footer.png);background-repeat: no-repeat;background-size: auto auto;background-position: center bottom;width:100%;height:100%;top:0;\"><\/div>\n\t<div class=\"content_row_wrapper  align-contents content-align-middle nopadding fullwidth\" style=\"height:190px;\">\n\t<div class=\"vc_col-sm-12 wpb_column vc_column_container\">\n\t\t<div class=\"wpb_wrapper\">\n\t\t\t\n\t\t<\/div>\n\t<\/div>\n\n<\/div>\n<\/div>","protected":false},"excerpt":{"rendered":"Parking za osobna vozila Parking za autobuse Zaustavljanje turisti\u010dkih autobusa (ukrcaj\/iskrcaj) Muzeji grada Zagreba Kazali\u0161ta Doga\u0111anja u Zagrebu Parkovi u Zagrebu Javni prijevoz Smje\u0161taj Turisti\u010dki informativni centri Dolazak u Zagreb Vlakom Automobilom Autobusom Avionom Ostale informacije","protected":false},"author":30,"featured_media":0,"parent":0,"menu_order":0,"comment_status":"closed","ping_status":"closed","template":"","meta":{"_glsr_average":0,"_glsr_ranking":0,"_glsr_reviews":0,"footnotes":""},"categories":[],"tags":[],"class_list":["post-30856","page","type-page","status-publish","hentry"],"_links":{"self":[{"href":"https:\/\/www.zagrebguides.com\/en\/wp-json\/wp\/v2\/pages\/30856","targetHints":{"allow":["GET"]}}],"collection":[{"href":"https:\/\/www.zagrebguides.com\/en\/wp-json\/wp\/v2\/pages"}],"about":[{"href":"https:\/\/www.zagrebguides.com\/en\/wp-json\/wp\/v2\/types\/page"}],"author":[{"embeddable":true,"href":"https:\/\/www.zagrebguides.com\/en\/wp-json\/wp\/v2\/users\/30"}],"replies":[{"embeddable":true,"href":"https:\/\/www.zagrebguides.com\/en\/wp-json\/wp\/v2\/comments?post=30856"}],"version-history":[{"count":4,"href":"https:\/\/www.zagrebguides.com\/en\/wp-json\/wp\/v2\/pages\/30856\/revisions"}],"predecessor-version":[{"id":30868,"href":"https:\/\/www.zagrebguides.com\/en\/wp-json\/wp\/v2\/pages\/30856\/revisions\/30868"}],"wp:attachment":[{"href":"https:\/\/www.zagrebguides.com\/en\/wp-json\/wp\/v2\/media?parent=30856"}],"wp:term":[{"taxonomy":"category","embeddable":true,"href":"https:\/\/www.zagrebguides.com\/en\/wp-json\/wp\/v2\/categories?post=30856"},{"taxonomy":"post_tag","embeddable":true,"href":"https:\/\/www.zagrebguides.com\/en\/wp-json\/wp\/v2\/tags?post=30856"}],"curies":[{"name":"wp","href":"https:\/\/api.w.org\/{rel}","templated":true}]}}