{"id":30860,"date":"2025-12-10T08:24:12","date_gmt":"2025-12-10T07:24:12","guid":{"rendered":"https:\/\/www.zagrebguides.com\/?page_id=30860"},"modified":"2025-12-10T16:16:35","modified_gmt":"2025-12-10T15:16:35","slug":"agencije-nasih-clanova","status":"publish","type":"page","link":"https:\/\/www.zagrebguides.com\/en\/agencije-nasih-clanova\/","title":{"rendered":"Agencies of our members"},"content":{"rendered":"<div class=\"content_row row vc_row wpb_row  wpb_animate_when_almost_visible wpb_fadeIn fadeIn  wpb_animate_when_almost_visible wpb_fadeIn fadeIn default-style fullwidth border_grid fixed_heights\" style=\"background-color: #ffffff;\">\n\t\n\t<div class=\"content_row_wrapper  default\" style=\"padding-top:80px;\">\n\t<div class=\"vc_col-sm-12 wpb_column vc_column_container\">\n\t\t<div class=\"wpb_wrapper\">\n\t\t\t\n\t<div class=\"wpb_text_column wpb_content_element\" >\n\t\t<div class=\"wpb_wrapper\">\n\t\t\t<p class=\"translation-block\">Our licensed guides are not only experienced professionals \u2013 many of them also run their own travel agencies offering specialized tours, day trips, and personalized experiences throughout Zagreb and Croatia.\nAll agencies listed below are owned and operated by <strong>active members of the Zagreb Tourist Guides Association<\/strong>, each working independently with their own programs, standards, and booking channels.<\/p>\n<p class=\"translation-block\">The purpose of this page is to provide visitors with <strong>reliable, verified, and high-quality options<\/strong> for booking tours, with the confidence that every listed agency is run by a certified guide who has been presenting Zagreb to guests from all over the world for many years.\nBrowse the list below and choose the agency that best fits your interests and travel plans.<\/p>\n\n\t\t<\/div>\n\t<\/div>\n\n\t\t<\/div>\n\t<\/div>\n\n<\/div>\n<\/div>\n\n<div  class=\"content_row row vc_row wpb_row  wpb_animate_when_almost_visible wpb_fadeIn fadeIn  wpb_animate_when_almost_visible wpb_fadeIn fadeIn default-style fullwidth fixed_heights border_grid fixed_heights\" style=\"background-color: #ffffff;\">\n\t\n\t<div class=\"content_row_wrapper  default\" style=\"padding-top:80px;\"><div class=\"vc_col-sm-3 wpb_column vc_column_container\">\n\t\t<div class=\"wpb_wrapper\">\n\t\t\t<article   class=\"image-content-box content-box box-style-1 center\"><div class=\"featured_image_holder\"><a href=\"https:\/\/www.whynotzagreb.com\/\" title=\"\" target=\"_blank\"><img decoding=\"async\" class=\"img-responsive\" src=\"https:\/\/www.zagrebguides.com\/wp-content\/uploads\/2025\/12\/whynot.jpg\" alt=\"\" \/><\/a><\/div><div class=\"text-holder\">\n\t<h4 class=\"heading\" >\n\t\t<a href=\"https:\/\/www.whynotzagreb.com\/\" title=\"Why Not Zagreb\" target=\"_blank\" >\n\t\t\tWhy Not Zagreb\n\t\t<\/a>\n\t<\/h4> <\/div><\/article>\n\t\t<\/div>\n\t<\/div>\n\n\t<div class=\"vc_col-sm-3 wpb_column vc_column_container\">\n\t\t<div class=\"wpb_wrapper\">\n\t\t\t<article   class=\"image-content-box content-box box-style-1 center\"><div class=\"featured_image_holder\"><a href=\"https:\/\/kamauf-zagreb.com\/\" title=\"\" target=\"_blank\"><img decoding=\"async\" class=\"img-responsive\" src=\"https:\/\/www.zagrebguides.com\/wp-content\/uploads\/2025\/12\/kamauf.jpg\" alt=\"\" \/><\/a><\/div><div class=\"text-holder\">\n\t<h4 class=\"heading\" >\n\t\t<a href=\"https:\/\/kamauf-zagreb.com\/\" title=\"Kamauf Tours\" target=\"_blank\" >\n\t\t\tKamauf Tours\n\t\t<\/a>\n\t<\/h4> <\/div><\/article>\n\t\t<\/div>\n\t<\/div>\n\n\t<div class=\"vc_col-sm-3 wpb_column vc_column_container\">\n\t\t<div class=\"wpb_wrapper\">\n\t\t\t<article   class=\"image-content-box content-box box-style-1 center\"><div class=\"featured_image_holder\"><a href=\"https:\/\/vlavla-travel.com\/\" title=\"\" target=\"_blank\"><img decoding=\"async\" class=\"img-responsive\" src=\"https:\/\/www.zagrebguides.com\/wp-content\/uploads\/2025\/12\/vlavla.jpg\" alt=\"\" \/><\/a><\/div><div class=\"text-holder\">\n\t<h4 class=\"heading\" >\n\t\t<a href=\"https:\/\/vlavla-travel.com\/\" title=\"Vla Vla Travel\" target=\"_blank\" >\n\t\t\tVla Vla Travel\n\t\t<\/a>\n\t<\/h4> <\/div><\/article>\n\t\t<\/div>\n\t<\/div>\n\n\t<div class=\"vc_col-sm-3 wpb_column vc_column_container\">\n\t\t<div class=\"wpb_wrapper\">\n\t\t\t\n\t\t<\/div>\n\t<\/div>\n<\/div>\n<\/div>\n\n<div  class=\"content_row row vc_row wpb_row  wpb_animate_when_almost_visible wpb_fadeIn fadeIn  wpb_animate_when_almost_visible wpb_fadeIn fadeIn default-style fullwidth border_grid fixed_heights\" style=\"background-color: #ffffff;\">\n\t\n\t<div class=\"content_row_wrapper  default\" style=\"padding-top:80px;\">\n\t<div class=\"vc_col-sm-12 wpb_column vc_column_container\">\n\t\t<div class=\"wpb_wrapper\">\n\t\t\t\n\t<div class=\"wpb_text_column wpb_content_element\" >\n\t\t<div class=\"wpb_wrapper\">\n\t\t\t<p><span style=\"font-size: 14px;\"><em>The agencies listed here operate independently and are privately owned by members of the Association. Zagreb Guides does not act as an intermediary nor receive any financial benefit from their services. Published in accordance with Article 5 of the Croatian Associations Act.<\/em><\/span><\/p>\n\n\t\t<\/div>\n\t<\/div>\n\n\t\t<\/div>\n\t<\/div>\n\n<\/div>\n<\/div>\n\n<div  class=\"content_row row vc_row wpb_row  default-style default\" >\n\t\n\t<div class=\"content_row_wrapper\" >\n\t<div class=\"vc_col-sm-12 wpb_column vc_column_container\">\n\t\t<div class=\"wpb_wrapper\">\n\t\t\t<div class=\"vc_empty_space\"   style=\"height: 100px\"><span class=\"vc_empty_space_inner\"><\/span><\/div>\n\t\t<\/div>\n\t<\/div>\n\n<\/div>\n<\/div>\n\n<div  class=\"content_row row vc_row wpb_row  default-style fullwidth has-custom-bg\" >\n\t<div class=\"rt-parallax-background has-bg-image\" data-rt-parallax-speed=\"6\" data-rt-parallax-direction=\"1\" data-rt-parallax-effect=\"vertical\" style=\"background-image: url(https:\/\/www.zagrebguides.com\/wp-content\/uploads\/2025\/04\/zagreb-footer.png);background-repeat: no-repeat;background-size: auto auto;background-position: center bottom;width:100%;height:100%;top:0;\"><\/div>\n\t<div class=\"content_row_wrapper  align-contents content-align-middle nopadding fullwidth\" style=\"height:190px;\">\n\t<div class=\"vc_col-sm-12 wpb_column vc_column_container\">\n\t\t<div class=\"wpb_wrapper\">\n\t\t\t\n\t\t<\/div>\n\t<\/div>\n\n<\/div>\n<\/div>","protected":false},"excerpt":{"rendered":"Na\u0161i vodi\u010di nisu samo licencirani i iskusni profesionalci \u2013 mnogi od njih vode i vlastite turisti\u010dke agencije koje nude specijalizirane ture, izlete i personalizirane do\u017eivljaje Zagreba i Hrvatske. Sve agencije navedene u nastavku u vlasni\u0161tvu su aktivnih \u010dlanova Udruge turisti\u010dkih vodi\u010da grada Zagreba, a svaka djeluje potpuno samostalno, uz vlastite programe, standarde i kontakt kanale. [...]","protected":false},"author":30,"featured_media":0,"parent":0,"menu_order":0,"comment_status":"closed","ping_status":"closed","template":"","meta":{"_glsr_average":0,"_glsr_ranking":0,"_glsr_reviews":0,"footnotes":""},"categories":[],"tags":[],"class_list":["post-30860","page","type-page","status-publish","hentry"],"_links":{"self":[{"href":"https:\/\/www.zagrebguides.com\/en\/wp-json\/wp\/v2\/pages\/30860","targetHints":{"allow":["GET"]}}],"collection":[{"href":"https:\/\/www.zagrebguides.com\/en\/wp-json\/wp\/v2\/pages"}],"about":[{"href":"https:\/\/www.zagrebguides.com\/en\/wp-json\/wp\/v2\/types\/page"}],"author":[{"embeddable":true,"href":"https:\/\/www.zagrebguides.com\/en\/wp-json\/wp\/v2\/users\/30"}],"replies":[{"embeddable":true,"href":"https:\/\/www.zagrebguides.com\/en\/wp-json\/wp\/v2\/comments?post=30860"}],"version-history":[{"count":5,"href":"https:\/\/www.zagrebguides.com\/en\/wp-json\/wp\/v2\/pages\/30860\/revisions"}],"predecessor-version":[{"id":30879,"href":"https:\/\/www.zagrebguides.com\/en\/wp-json\/wp\/v2\/pages\/30860\/revisions\/30879"}],"wp:attachment":[{"href":"https:\/\/www.zagrebguides.com\/en\/wp-json\/wp\/v2\/media?parent=30860"}],"wp:term":[{"taxonomy":"category","embeddable":true,"href":"https:\/\/www.zagrebguides.com\/en\/wp-json\/wp\/v2\/categories?post=30860"},{"taxonomy":"post_tag","embeddable":true,"href":"https:\/\/www.zagrebguides.com\/en\/wp-json\/wp\/v2\/tags?post=30860"}],"curies":[{"name":"wp","href":"https:\/\/api.w.org\/{rel}","templated":true}]}}