{"id":30930,"date":"2026-03-19T09:38:39","date_gmt":"2026-03-19T08:38:39","guid":{"rendered":"https:\/\/www.zagrebguides.com\/?page_id=30930"},"modified":"2026-03-26T10:25:38","modified_gmt":"2026-03-26T09:25:38","slug":"iskustva-i-dojmovi","status":"publish","type":"page","link":"https:\/\/www.zagrebguides.com\/en\/iskustva-i-dojmovi\/","title":{"rendered":"Iskustva i dojmovi"},"content":{"rendered":"<div class=\"content_row row vc_row wpb_row  wpb_animate_when_almost_visible wpb_fadeIn fadeIn  wpb_animate_when_almost_visible wpb_fadeIn fadeIn default-style fullwidth border_grid fixed_heights\" style=\"background-color: #ffffff;\">\n\t\n\t<div class=\"content_row_wrapper  default\" style=\"padding-top:80px;\"><div class=\"vc_col-sm-6 wpb_column vc_column_container\">\n\t\t<div class=\"wpb_wrapper\">\n\t\t\t<div class=\"rt_heading_wrapper style-3\">\n\t\t\t\t\t\t<h3 class=\"rt_heading  style-3\" >Svaka tura ima svoju pri\u010du<\/h3>\n\t\t\t\t\t<\/div>\n\t<div class=\"wpb_text_column wpb_content_element\" >\n\t\t<div class=\"wpb_wrapper\">\n\t\t\t<p>Podijelite svoju pri\u010du i pomozite drugima da osjete kako izgleda tura kroz o\u010di sudionika i vodi\u010da.<br \/>\nDragi na\u0161i korisnici, podijelite svoje dojmove s ture i pomozite drugima da iz prve ruke dobiju uvid u iskustvo putovanja i lak\u0161e izaberu svog vodi\u010da.<br \/>\nDragi na\u0161i vodi\u010di, ostavite svoj dojam o turama koje ste vodili i podijelite iskustva koja poma\u017eu budu\u0107im putnicima da lak\u0161e donesu odluku.<\/p>\n\n\t\t<\/div>\n\t<\/div>\n<div class=\"items-justified-left wpbakery-site-reviews-form\"><div class=\"glsr glsr-default\" id=\"glsr_g8hgk6dc\" data-from=\"wpbakery\" data-shortcode=\"site_reviews_form\" data-hide=\"email,terms\"><div class=\"glsr-form-wrap\">\n    <form class=\"glsr-form glsr-review-form\" method=\"post\" enctype=\"multipart\/form-data\">\n        <input type=\"hidden\" name=\"site-reviews[_action]\" value=\"submit-review\" \/>\n<input type=\"hidden\" name=\"site-reviews[_nonce]\" value=\"fb7e6636db\" \/>\n<input type=\"hidden\" name=\"site-reviews[_post_id]\" value=\"30930\" \/>\n<input type=\"hidden\" name=\"site-reviews[_referer]\" value=\"\" \/>\n<input type=\"hidden\" name=\"site-reviews[assigned_posts]\" value=\"\" \/>\n<input type=\"hidden\" name=\"site-reviews[assigned_terms]\" value=\"\" \/>\n<input type=\"hidden\" name=\"site-reviews[assigned_users]\" value=\"\" \/>\n<input type=\"hidden\" name=\"site-reviews[excluded]\" value=\"email, terms\" \/>\n<input type=\"hidden\" name=\"site-reviews[form_id]\" value=\"glsr_g8hgk6dc\" \/>\n<input type=\"hidden\" name=\"site-reviews[form_signature]\" value=\"M9ESBuSqlrZ76oflgibyMxGXnlQr2sen4Hv-nobdtplnftUxYikLaI3MAvU8SJAj78H-ZtXHarDIvzDMPU7kwEKLcAKbEs_X7eCF_urgjp2zkxetzBMJerWNpZLvX3Ov1arBFB-4K43MCnkieU5b6b97UWjCsouCN5jhUPCDsmvaffiACqAJd3KHUfQw4lO2qkTGDWWhuSVav9pUxhooFu8hQzM7MRM5APkcwQaZbTiC6yXdxU28jAX9LUfrWTKr7gtVnnHTFpKmOey4sCZGidb0ZU-xe7tzHllUgqTI3SvgWWbR4L0J1pC_Pi4UCjAfh2Pb4r8XJ0KkNJAndmn8Vb5m7CVwuRK5CpfyksMGUGimWE-PNdiyj7caJBmGOPXEypJE6lvS4ZLjhNrcIPDUGNunU-1FNMV0F3T6SbvlTtjYxfXxu6S4EEbNDO0G8byCq01g88-A07uwKw\" \/>\n<input type=\"hidden\" name=\"site-reviews[terms_exist]\" value=\"0\" \/>\n<div class=\"glsr-field\" style=\"display:none;\"><label for=\"site-reviews-7e89714b-glsr_g8hgk6dc\">Your review<\/label><input type=\"text\" class=\"glsr-input glsr-input-text\" id=\"site-reviews-7e89714b-glsr_g8hgk6dc\" name=\"site-reviews[7e89714b]\" value=\"\" \/><\/div>\n<div class=\"glsr-field glsr-field-rating glsr-required\" data-field=\"rating\" data-type=\"rating\">\n    <label class=\"glsr-label\" for=\"glsr_g8hgk6dc-rating\">\n    <span>Your overall rating<\/span>\n<\/label>\n    <select class=\"browser-default disable-select glsr-select no-wrap no_wrap\" id=\"glsr_g8hgk6dc-rating\" name=\"site-reviews[rating]\" required><option value=\"\">Select a Rating<\/option><option value=\"5\">5 Stars<\/option><option value=\"4\">4 Stars<\/option><option value=\"3\">3 Stars<\/option><option value=\"2\">2 Stars<\/option><option value=\"1\">1 Star<\/option><\/select>\n    <div class=\"glsr-field-error\"><\/div>\n<\/div>\n<div class=\"glsr-field glsr-field-text glsr-required\" data-field=\"title\" data-type=\"text\">\n    <label class=\"glsr-label\" for=\"glsr_g8hgk6dc-title\">\n    <span>Title of your review<\/span>\n<\/label>\n    <input type=\"text\" class=\"glsr-input glsr-input-text\" id=\"glsr_g8hgk6dc-title\" name=\"site-reviews[title]\" required placeholder=\"Summarize your review or highlight an interesting detail\" value=\"\" \/>\n    <div class=\"glsr-field-error\"><\/div>\n<\/div>\n<div class=\"glsr-field glsr-field-textarea glsr-required\" data-field=\"content\" data-type=\"textarea\">\n    <label class=\"glsr-label\" for=\"glsr_g8hgk6dc-content\">\n    <span>Your review<\/span>\n<\/label>\n    <textarea class=\"glsr-textarea\" id=\"glsr_g8hgk6dc-content\" name=\"site-reviews[content]\" required placeholder=\"Tell people your review\" rows=\"5\"><\/textarea>\n    <div class=\"glsr-field-error\"><\/div>\n<\/div>\n<div class=\"glsr-field glsr-field-text glsr-required\" data-field=\"name\" data-type=\"text\">\n    <label class=\"glsr-label\" for=\"glsr_g8hgk6dc-name\">\n    <span>Your name<\/span>\n<\/label>\n    <input type=\"text\" class=\"glsr-input glsr-input-text\" id=\"glsr_g8hgk6dc-name\" name=\"site-reviews[name]\" required placeholder=\"Tell us your name\" value=\"\" \/>\n    <div class=\"glsr-field-error\"><\/div>\n<\/div>\n        <div class=\"glsr-form-message\">\n    \n<\/div>\n        <div data-field=\"submit-button\">\n    <div class=\"wp-block-buttons is-layout-flex\">\n        <div class=\"wp-block-button\">\n            <button type=\"submit\" class=\"glsr-button wp-block-button__link wp-element-button\" aria-busy=\"false\" data-loading=\"Submitting, please wait...\">Submit Review<\/button>\n        <\/div>\n    <\/div>\n<\/div><div class=\"glsr-captcha-holder\"><\/div>\n    <\/form>\n<\/div><\/div><\/div>\n\t\t<\/div>\n\t<\/div>\n\n\t<div class=\"vc_col-sm-6 wpb_column vc_column_container\">\n\t\t<div class=\"wpb_wrapper\">\n\t\t\t<div class=\"rt_heading_wrapper style-3\">\n\t\t\t\t\t\t<h3 class=\"rt_heading  style-3\" >Iskustva na\u0161ih korisnika i vodi\u010da<\/h3>\n\t\t\t\t\t<\/div><div class=\"has-text-align-left items-justified-left wpbakery-site-reviews\"><div class=\"glsr glsr-default\" id=\"glsr_tnhurbbe\" data-from=\"wpbakery\" data-shortcode=\"site_reviews\" data-display=\"10\" data-hide=\"assigned_links,avatar,response\" data-pagination=\"loadmore\"><div class=\"glsr-reviews-wrap\">\n    <div class=\"glsr-reviews\">\n        <div class=\"glsr-review\" data-id=\"31004\" data-type=\"local\" id=\"review-31004\" data-assigned='[]'>\n    <div class=\"glsr-review-title\"><h4 class=\"glsr-tag-value\">Jerko was fantastic !<\/h4><\/div>\n    <div class=\"glsr-review-rating\"><div class=\"glsr-star-rating glsr-stars\" role=\"img\" aria-label=\"Rated 5 out of 5 stars\" data-rating=\"5\" data-reviews=\"0\"><span class=\"glsr-star glsr-star-full\" aria-hidden=\"true\"><\/span><span class=\"glsr-star glsr-star-full\" aria-hidden=\"true\"><\/span><span class=\"glsr-star glsr-star-full\" aria-hidden=\"true\"><\/span><span class=\"glsr-star glsr-star-full\" aria-hidden=\"true\"><\/span><span class=\"glsr-star glsr-star-full\" aria-hidden=\"true\"><\/span><\/div><\/div> <div class=\"glsr-review-date\"><span class=\"glsr-tag-value\">1. April 2026.<\/span><\/div>\n    \n    <div class=\"glsr-review-content\"><div class=\"glsr-tag-value\" data-expanded=\"false\"><p>Professional, engaging, and very knowledgeable. We learned so much while having a great time.<\/p><\/div><\/div>\n    \n    <div class=\"glsr-review-author\"><span class=\"glsr-tag-value\">Michael<\/span><\/div>  \n    \n<\/div>\n<div class=\"glsr-review\" data-id=\"31003\" data-type=\"local\" id=\"review-31003\" data-assigned='[]'>\n    <div class=\"glsr-review-title\"><h4 class=\"glsr-tag-value\">Amazing experience<\/h4><\/div>\n    <div class=\"glsr-review-rating\"><div class=\"glsr-star-rating glsr-stars\" role=\"img\" aria-label=\"Rated 5 out of 5 stars\" data-rating=\"5\" data-reviews=\"0\"><span class=\"glsr-star glsr-star-full\" aria-hidden=\"true\"><\/span><span class=\"glsr-star glsr-star-full\" aria-hidden=\"true\"><\/span><span class=\"glsr-star glsr-star-full\" aria-hidden=\"true\"><\/span><span class=\"glsr-star glsr-star-full\" aria-hidden=\"true\"><\/span><span class=\"glsr-star glsr-star-full\" aria-hidden=\"true\"><\/span><\/div><\/div> <div class=\"glsr-review-date\"><span class=\"glsr-tag-value\">1. April 2026.<\/span><\/div>\n    \n    <div class=\"glsr-review-content\"><div class=\"glsr-tag-value\" data-expanded=\"false\"><p>Thanks to Ivana! She showed us hidden gems and shared local stories that made the tour unique and personal.<\/p><\/div><\/div>\n    \n    <div class=\"glsr-review-author\"><span class=\"glsr-tag-value\">Chloe<\/span><\/div>  \n    \n<\/div>\n<div class=\"glsr-review\" data-id=\"31002\" data-type=\"local\" id=\"review-31002\" data-assigned='[]'>\n    <div class=\"glsr-review-title\"><h4 class=\"glsr-tag-value\">Huge thank you to Petra!<\/h4><\/div>\n    <div class=\"glsr-review-rating\"><div class=\"glsr-star-rating glsr-stars\" role=\"img\" aria-label=\"Rated 5 out of 5 stars\" data-rating=\"5\" data-reviews=\"0\"><span class=\"glsr-star glsr-star-full\" aria-hidden=\"true\"><\/span><span class=\"glsr-star glsr-star-full\" aria-hidden=\"true\"><\/span><span class=\"glsr-star glsr-star-full\" aria-hidden=\"true\"><\/span><span class=\"glsr-star glsr-star-full\" aria-hidden=\"true\"><\/span><span class=\"glsr-star glsr-star-full\" aria-hidden=\"true\"><\/span><\/div><\/div> <div class=\"glsr-review-date\"><span class=\"glsr-tag-value\">1. April 2026.<\/span><\/div>\n    \n    <div class=\"glsr-review-content\"><div class=\"glsr-tag-value\" data-expanded=\"false\"><p>Her passion for Zagreb is contagious, and she made every moment of the tour enjoyable and memorable.<\/p><\/div><\/div>\n    \n    <div class=\"glsr-review-author\"><span class=\"glsr-tag-value\">Sophie<\/span><\/div>  \n    \n<\/div>\n<div class=\"glsr-review\" data-id=\"30987\" data-type=\"local\" id=\"review-30987\" data-assigned='[]'>\n    <div class=\"glsr-review-title\"><h4 class=\"glsr-tag-value\">A perfect mix of history, local insights, and fun!<\/h4><\/div>\n    <div class=\"glsr-review-rating\"><div class=\"glsr-star-rating glsr-stars\" role=\"img\" aria-label=\"Rated 5 out of 5 stars\" data-rating=\"5\" data-reviews=\"0\"><span class=\"glsr-star glsr-star-full\" aria-hidden=\"true\"><\/span><span class=\"glsr-star glsr-star-full\" aria-hidden=\"true\"><\/span><span class=\"glsr-star glsr-star-full\" aria-hidden=\"true\"><\/span><span class=\"glsr-star glsr-star-full\" aria-hidden=\"true\"><\/span><span class=\"glsr-star glsr-star-full\" aria-hidden=\"true\"><\/span><\/div><\/div> <div class=\"glsr-review-date\"><span class=\"glsr-tag-value\">26. March 2026.<\/span><\/div>\n    \n    <div class=\"glsr-review-content\"><div class=\"glsr-tag-value\" data-expanded=\"false\"><p>You can really feel the passion and professionalism of these guides. Highly recommended!<\/p><\/div><\/div>\n    \n    <div class=\"glsr-review-author\"><span class=\"glsr-tag-value\">James<\/span><\/div>  \n    \n<\/div>\n<div class=\"glsr-review\" data-id=\"30986\" data-type=\"local\" id=\"review-30986\" data-assigned='[]'>\n    <div class=\"glsr-review-title\"><h4 class=\"glsr-tag-value\">Absolutely the best way to experience Zagreb!<\/h4><\/div>\n    <div class=\"glsr-review-rating\"><div class=\"glsr-star-rating glsr-stars\" role=\"img\" aria-label=\"Rated 5 out of 5 stars\" data-rating=\"5\" data-reviews=\"0\"><span class=\"glsr-star glsr-star-full\" aria-hidden=\"true\"><\/span><span class=\"glsr-star glsr-star-full\" aria-hidden=\"true\"><\/span><span class=\"glsr-star glsr-star-full\" aria-hidden=\"true\"><\/span><span class=\"glsr-star glsr-star-full\" aria-hidden=\"true\"><\/span><span class=\"glsr-star glsr-star-full\" aria-hidden=\"true\"><\/span><\/div><\/div> <div class=\"glsr-review-date\"><span class=\"glsr-tag-value\">26. March 2026.<\/span><\/div>\n    \n    <div class=\"glsr-review-content\"><div class=\"glsr-tag-value\" data-expanded=\"false\"><p>Our guide was incredibly knowledgeable, friendly, and made the city come alive with stories you won\u2019t find in guidebooks.<\/p><\/div><\/div>\n    \n    <div class=\"glsr-review-author\"><span class=\"glsr-tag-value\">Emily<\/span><\/div>  \n    \n<\/div>\n<div class=\"glsr-review\" data-id=\"30988\" data-type=\"local\" id=\"review-30988\" data-assigned='[]'>\n    <div class=\"glsr-review-title\"><h4 class=\"glsr-tag-value\">From hidden spots to fascinating stories !<\/h4><\/div>\n    <div class=\"glsr-review-rating\"><div class=\"glsr-star-rating glsr-stars\" role=\"img\" aria-label=\"Rated 5 out of 5 stars\" data-rating=\"5\" data-reviews=\"0\"><span class=\"glsr-star glsr-star-full\" aria-hidden=\"true\"><\/span><span class=\"glsr-star glsr-star-full\" aria-hidden=\"true\"><\/span><span class=\"glsr-star glsr-star-full\" aria-hidden=\"true\"><\/span><span class=\"glsr-star glsr-star-full\" aria-hidden=\"true\"><\/span><span class=\"glsr-star glsr-star-full\" aria-hidden=\"true\"><\/span><\/div><\/div> <div class=\"glsr-review-date\"><span class=\"glsr-tag-value\">26. March 2026.<\/span><\/div>\n    \n    <div class=\"glsr-review-content\"><div class=\"glsr-tag-value\" data-expanded=\"false\"><p>This tour exceeded all expectations. Booking directly with certified local guides made the experience even more special.<\/p><\/div><\/div>\n    \n    <div class=\"glsr-review-author\"><span class=\"glsr-tag-value\">Sofia<\/span><\/div>  \n    \n<\/div>\n<div class=\"glsr-review\" data-id=\"30984\" data-type=\"local\" id=\"review-30984\" data-assigned='[]'>\n    <div class=\"glsr-review-title\"><h4 class=\"glsr-tag-value\">Hvala !!!<\/h4><\/div>\n    <div class=\"glsr-review-rating\"><div class=\"glsr-star-rating glsr-stars\" role=\"img\" aria-label=\"Rated 5 out of 5 stars\" data-rating=\"5\" data-reviews=\"0\"><span class=\"glsr-star glsr-star-full\" aria-hidden=\"true\"><\/span><span class=\"glsr-star glsr-star-full\" aria-hidden=\"true\"><\/span><span class=\"glsr-star glsr-star-full\" aria-hidden=\"true\"><\/span><span class=\"glsr-star glsr-star-full\" aria-hidden=\"true\"><\/span><span class=\"glsr-star glsr-star-full\" aria-hidden=\"true\"><\/span><\/div><\/div> <div class=\"glsr-review-date\"><span class=\"glsr-tag-value\">23. March 2026.<\/span><\/div>\n    \n    <div class=\"glsr-review-content\"><div class=\"glsr-tag-value\" data-expanded=\"false\"><p>Jos jednom hvala na svemu.<\/p><\/div><\/div>\n    \n    <div class=\"glsr-review-author\"><span class=\"glsr-tag-value\">Branko<\/span><\/div>  \n    \n<\/div>\n<div class=\"glsr-review\" data-id=\"30976\" data-type=\"local\" id=\"review-30976\" data-assigned='[]'>\n    <div class=\"glsr-review-title\"><h4 class=\"glsr-tag-value\">Great great city!<\/h4><\/div>\n    <div class=\"glsr-review-rating\"><div class=\"glsr-star-rating glsr-stars\" role=\"img\" aria-label=\"Rated 5 out of 5 stars\" data-rating=\"5\" data-reviews=\"0\"><span class=\"glsr-star glsr-star-full\" aria-hidden=\"true\"><\/span><span class=\"glsr-star glsr-star-full\" aria-hidden=\"true\"><\/span><span class=\"glsr-star glsr-star-full\" aria-hidden=\"true\"><\/span><span class=\"glsr-star glsr-star-full\" aria-hidden=\"true\"><\/span><span class=\"glsr-star glsr-star-full\" aria-hidden=\"true\"><\/span><\/div><\/div> <div class=\"glsr-review-date\"><span class=\"glsr-tag-value\">20. March 2026.<\/span><\/div>\n    \n    <div class=\"glsr-review-content\"><div class=\"glsr-tag-value\" data-expanded=\"false\"><p>Exploring Zagreb with a local guide was one of the highlights of my trip. The tour felt very authentic, and I discovered places I would never have found on my own. Highly recommended for anyone visiting the city!<\/p><\/div><\/div>\n    \n    <div class=\"glsr-review-author\"><span class=\"glsr-tag-value\">Jonnes<\/span><\/div>  \n    \n<\/div>\n<div class=\"glsr-review\" data-id=\"30970\" data-type=\"local\" id=\"review-30970\" data-assigned='[]'>\n    <div class=\"glsr-review-title\"><h4 class=\"glsr-tag-value\">Zagreb hidden tours<\/h4><\/div>\n    <div class=\"glsr-review-rating\"><div class=\"glsr-star-rating glsr-stars\" role=\"img\" aria-label=\"Rated 5 out of 5 stars\" data-rating=\"5\" data-reviews=\"0\"><span class=\"glsr-star glsr-star-full\" aria-hidden=\"true\"><\/span><span class=\"glsr-star glsr-star-full\" aria-hidden=\"true\"><\/span><span class=\"glsr-star glsr-star-full\" aria-hidden=\"true\"><\/span><span class=\"glsr-star glsr-star-full\" aria-hidden=\"true\"><\/span><span class=\"glsr-star glsr-star-full\" aria-hidden=\"true\"><\/span><\/div><\/div> <div class=\"glsr-review-date\"><span class=\"glsr-tag-value\">19. March 2026.<\/span><\/div>\n    \n    <div class=\"glsr-review-content\"><div class=\"glsr-tag-value\" data-expanded=\"false\"><p>Zagreb is a city of perfect balance, big enough to surprise you, yet intimate enough to captivate you. It is a special pleasure to watch guests discover its hidden stories and streets. Experience it in a different way through hidden tours led by our experienced guides.<\/p><\/div><\/div>\n    \n    <div class=\"glsr-review-author\"><span class=\"glsr-tag-value\">Edvard<\/span><\/div>  \n    \n<\/div>\n<div class=\"glsr-review\" data-id=\"30968\" data-type=\"local\" id=\"review-30968\" data-assigned='[]'>\n    <div class=\"glsr-review-title\"><h4 class=\"glsr-tag-value\">\u0160arm Zagreba<\/h4><\/div>\n    <div class=\"glsr-review-rating\"><div class=\"glsr-star-rating glsr-stars\" role=\"img\" aria-label=\"Rated 5 out of 5 stars\" data-rating=\"5\" data-reviews=\"0\"><span class=\"glsr-star glsr-star-full\" aria-hidden=\"true\"><\/span><span class=\"glsr-star glsr-star-full\" aria-hidden=\"true\"><\/span><span class=\"glsr-star glsr-star-full\" aria-hidden=\"true\"><\/span><span class=\"glsr-star glsr-star-full\" aria-hidden=\"true\"><\/span><span class=\"glsr-star glsr-star-full\" aria-hidden=\"true\"><\/span><\/div><\/div> <div class=\"glsr-review-date\"><span class=\"glsr-tag-value\">18. March 2026.<\/span><\/div>\n    \n    <div class=\"glsr-review-content\"><div class=\"glsr-tag-value\" data-expanded=\"false\"><p>Zagreb je \u0161armantan, pristupa\u010dan i pun skrivenih dragulja. Vo\u0111enje tura po Zagrebu daje mi priliku da podijelim pri\u010de koje ne\u0107ete prona\u0107i u vodi\u010dima. Najvi\u0161e me veseli kada sudionici na kraju ture ka\u017eu da su grad do\u017eivjeli na potpuno druga\u010diji na\u010din.<\/p><\/div><\/div>\n    \n    <div class=\"glsr-review-author\"><span class=\"glsr-tag-value\">Tin<\/span><\/div>  \n    \n<\/div>\n    <\/div>\n    \n<\/div><\/div><\/div>\n\t\t<\/div>\n\t<\/div>\n<\/div>\n<\/div>\n\n<div  class=\"content_row row vc_row wpb_row  default-style default\" >\n\t\n\t<div class=\"content_row_wrapper  \" >\n\t<div class=\"vc_col-sm-12 wpb_column vc_column_container\">\n\t\t<div class=\"wpb_wrapper\">\n\t\t\t<div class=\"vc_empty_space\"   style=\"height: 100px\"><span class=\"vc_empty_space_inner\"><\/span><\/div>\n\t\t<\/div>\n\t<\/div>\n\n<\/div>\n<\/div>\n\n<div  class=\"content_row row vc_row wpb_row  default-style fullwidth has-custom-bg\" >\n\t<div class=\"rt-parallax-background has-bg-image\" data-rt-parallax-speed=\"6\" data-rt-parallax-direction=\"1\" data-rt-parallax-effect=\"vertical\" style=\"background-image: url(https:\/\/www.zagrebguides.com\/wp-content\/uploads\/2025\/04\/zagreb-footer.png);background-repeat: no-repeat;background-size: auto auto;background-position: center bottom;width:100%;height:100%;top:0;\"><\/div>\n\t<div class=\"content_row_wrapper  align-contents content-align-middle nopadding fullwidth\" style=\"height:190px;\">\n\t<div class=\"vc_col-sm-12 wpb_column vc_column_container\">\n\t\t<div class=\"wpb_wrapper\">\n\t\t\t\n\t\t<\/div>\n\t<\/div>\n\n<\/div>\n<\/div>\n","protected":false},"excerpt":{"rendered":"Svaka tura ima svoju pri\u010du Podijelite svoju pri\u010du i pomozite drugima da osjete kako izgleda tura kroz o\u010di sudionika i vodi\u010da. Dragi na\u0161i korisnici, podijelite svoje dojmove s ture i pomozite drugima da iz prve ruke dobiju uvid u iskustvo putovanja i lak\u0161e izaberu svog vodi\u010da. Dragi na\u0161i vodi\u010di, ostavite svoj dojam o turama koje [...]","protected":false},"author":30,"featured_media":0,"parent":0,"menu_order":0,"comment_status":"closed","ping_status":"closed","template":"","meta":{"_glsr_average":0,"_glsr_ranking":0,"_glsr_reviews":0,"footnotes":""},"categories":[],"tags":[],"class_list":["post-30930","page","type-page","status-publish","hentry"],"_links":{"self":[{"href":"https:\/\/www.zagrebguides.com\/en\/wp-json\/wp\/v2\/pages\/30930","targetHints":{"allow":["GET"]}}],"collection":[{"href":"https:\/\/www.zagrebguides.com\/en\/wp-json\/wp\/v2\/pages"}],"about":[{"href":"https:\/\/www.zagrebguides.com\/en\/wp-json\/wp\/v2\/types\/page"}],"author":[{"embeddable":true,"href":"https:\/\/www.zagrebguides.com\/en\/wp-json\/wp\/v2\/users\/30"}],"replies":[{"embeddable":true,"href":"https:\/\/www.zagrebguides.com\/en\/wp-json\/wp\/v2\/comments?post=30930"}],"version-history":[{"count":20,"href":"https:\/\/www.zagrebguides.com\/en\/wp-json\/wp\/v2\/pages\/30930\/revisions"}],"predecessor-version":[{"id":31001,"href":"https:\/\/www.zagrebguides.com\/en\/wp-json\/wp\/v2\/pages\/30930\/revisions\/31001"}],"wp:attachment":[{"href":"https:\/\/www.zagrebguides.com\/en\/wp-json\/wp\/v2\/media?parent=30930"}],"wp:term":[{"taxonomy":"category","embeddable":true,"href":"https:\/\/www.zagrebguides.com\/en\/wp-json\/wp\/v2\/categories?post=30930"},{"taxonomy":"post_tag","embeddable":true,"href":"https:\/\/www.zagrebguides.com\/en\/wp-json\/wp\/v2\/tags?post=30930"}],"curies":[{"name":"wp","href":"https:\/\/api.w.org\/{rel}","templated":true}]}}