{"id":30572,"date":"2025-04-08T13:36:35","date_gmt":"2025-04-08T11:36:35","guid":{"rendered":"https:\/\/www.zagrebguides.com\/?post_type=product&#038;p=30572"},"modified":"2025-11-25T10:36:17","modified_gmt":"2025-11-25T09:36:17","slug":"marina-sokcevic","status":"publish","type":"product","link":"https:\/\/www.zagrebguides.com\/en\/vodic\/marina-sokcevic\/","title":{"rendered":"Marina \u0160ok\u010devi\u0107"},"content":{"rendered":"<div  class=\"content_row row vc_row wpb_row  default-style default\" >\n\t\n\t<div class=\"content_row_wrapper\" >\n\t<div class=\"vc_col-sm-12 wpb_column vc_column_container\">\n\t\t<div class=\"wpb_wrapper\">\n\t\t\t\n\t<div class=\"wpb_text_column wpb_content_element\" >\n\t\t<div class=\"wpb_wrapper\">\n\t\t\t<div id=\"div\" class=\"more\">\n<p><strong>Languages: <\/strong>English, Croatian, German<\/p>\n<p><strong>Licenses-counties: <\/strong>City of Zagreb and Zagreb County<\/p>\n<p><strong>Education: <\/strong>MA in German language and literature and Sociology (Faculty of Humanities and Social Sciences, University of Zagreb), specialist in conference interpreting (University of Zagreb)<\/p>\n<div id=\"div\" class=\"more\">\n<p><strong>Services and additional information:<\/strong><br \/>\nIndividual and group tours in Zagreb &amp; Zagreb county, tour leader for Croatia<\/div>\n<\/div>\n\n\t\t<\/div>\n\t<\/div>\n<div class=\"vc_separator wpb_content_element vc_separator_align_left vc_sep_width_100 vc_sep_pos_align_center vc_sep_color_grey wpb_content_element vc_separator-has-text\" ><span class=\"vc_sep_holder vc_sep_holder_l\"><span class=\"vc_sep_line\"><\/span><\/span><h4>Contact me<\/h4><span class=\"vc_sep_holder vc_sep_holder_r\"><span class=\"vc_sep_line\"><\/span><\/span>\n<\/div>\n\t<div class=\"wpb_text_column wpb_content_element\" >\n\t\t<div class=\"wpb_wrapper\">\n\t\t\t<p><span style=\"font-size: 28px;\"><a title=\"CALL ME\" href=\"tel:+385981633529\"><span class=\"rt-icon icon-phone-squared\" style=\"margin-right:20px;\"><\/span><\/a> <a title=\"SEND ME AN EMAIL\" href=\"mailto:marina.sokcevic@gmail.com\"><span class=\"rt-icon icon-mail\" style=\"margin-right:20px;\"><\/span><\/a><\/span><\/p>\n\n\t\t<\/div>\n\t<\/div>\n\n\t\t<\/div>\n\t<\/div>\n\n<\/div>\n<\/div>","protected":false},"excerpt":{"rendered":"<p><span style=\"font-size: 13px;\"><strong>Languages: <\/strong>English, Croatian, German<\/span><\/p>","protected":false},"featured_media":30670,"template":"","meta":{"_glsr_average":0,"_glsr_ranking":0,"_glsr_reviews":0},"product_brand":[],"product_cat":[593,589,590,546],"product_tag":[],"class_list":{"0":"post-30572","1":"product","2":"type-product","3":"status-publish","4":"has-post-thumbnail","6":"product_cat-engleski-jezik","7":"product_cat-hrvatski-jezik","8":"product_cat-njemacki-jezik","9":"product_cat-vodici","11":"first","12":"instock","13":"taxable","14":"shipping-taxable","15":"product-type-simple"},"_links":{"self":[{"href":"https:\/\/www.zagrebguides.com\/en\/wp-json\/wp\/v2\/product\/30572","targetHints":{"allow":["GET"]}}],"collection":[{"href":"https:\/\/www.zagrebguides.com\/en\/wp-json\/wp\/v2\/product"}],"about":[{"href":"https:\/\/www.zagrebguides.com\/en\/wp-json\/wp\/v2\/types\/product"}],"wp:featuredmedia":[{"embeddable":true,"href":"https:\/\/www.zagrebguides.com\/en\/wp-json\/wp\/v2\/media\/30670"}],"wp:attachment":[{"href":"https:\/\/www.zagrebguides.com\/en\/wp-json\/wp\/v2\/media?parent=30572"}],"wp:term":[{"taxonomy":"product_brand","embeddable":true,"href":"https:\/\/www.zagrebguides.com\/en\/wp-json\/wp\/v2\/product_brand?post=30572"},{"taxonomy":"product_cat","embeddable":true,"href":"https:\/\/www.zagrebguides.com\/en\/wp-json\/wp\/v2\/product_cat?post=30572"},{"taxonomy":"product_tag","embeddable":true,"href":"https:\/\/www.zagrebguides.com\/en\/wp-json\/wp\/v2\/product_tag?post=30572"}],"curies":[{"name":"wp","href":"https:\/\/api.w.org\/{rel}","templated":true}]}}