{"id":30621,"date":"2025-04-10T09:24:05","date_gmt":"2025-04-10T07:24:05","guid":{"rendered":"https:\/\/www.zagrebguides.com\/?post_type=product&#038;p=30621"},"modified":"2025-11-25T10:15:16","modified_gmt":"2025-11-25T09:15:16","slug":"jeronim-cimpersak-zigrovic","status":"publish","type":"product","link":"https:\/\/www.zagrebguides.com\/en\/vodic\/jeronim-cimpersak-zigrovic\/","title":{"rendered":"Jeronim Cimper\u0161ak \u017digrovi\u0107"},"content":{"rendered":"<div  class=\"content_row row vc_row wpb_row  default-style default\" >\n\t\n\t<div class=\"content_row_wrapper\" >\n\t<div class=\"vc_col-sm-12 wpb_column vc_column_container\">\n\t\t<div class=\"wpb_wrapper\">\n\t\t\t\n\t<div class=\"wpb_text_column wpb_content_element\" >\n\t\t<div class=\"wpb_wrapper\">\n\t\t\t<p><strong>Languages: <\/strong>English, Croatian<\/p>\n<p><strong>Licenses-counties: <\/strong>City of Zagreb and Zagreb County<\/p>\n<p><strong>Education: <\/strong>MA in Geography, Department of Geography, Faculty of Science, University of Zagreb<\/p>\n<div id=\"div\" class=\"more\">\n<p class=\"translation-block\"><strong>Services and additional information:<br>\n<\/strong><em>Licensed Guide &amp; Curator of Unforgettable Journeys<\/em><br>\nAs a passionate licensed local guide in Zagreb and the founder of a boutique travel agency (Kamauf Tours - kamauf-zagreb.com) , I specialize in tailor-made private city tours, day trips, and multi-day journeys through Croatia, Slovenia, Bosnia and Herzegovina, and Montenegro.<br>\nMy premium services include full travel planning \u2013 from private transfers, handpicked hotel accommodations, and restaurant reservations, to immersive local experiences and custom-designed itineraries based on your interests.<br>\nWhether you're looking to explore cultural landmarks, enjoy natural beauty, or indulge in the region's finest gastronomy, I am here to offer a professional, flexible, and fully personalized travel experience.<br>\nLet me take care of the details while you discover the Balkans like never before.<\/div>\n\n\t\t<\/div>\n\t<\/div>\n<div class=\"vc_separator wpb_content_element vc_separator_align_left vc_sep_width_100 vc_sep_pos_align_center vc_sep_color_grey wpb_content_element vc_separator-has-text\" ><span class=\"vc_sep_holder vc_sep_holder_l\"><span class=\"vc_sep_line\"><\/span><\/span><h4>Contact me<\/h4><span class=\"vc_sep_holder vc_sep_holder_r\"><span class=\"vc_sep_line\"><\/span><\/span>\n<\/div>\n\t<div class=\"wpb_text_column wpb_content_element\" >\n\t\t<div class=\"wpb_wrapper\">\n\t\t\t<p><span style=\"font-size: 28px;\"><a title=\"CALL ME\" href=\"tel:+385989745949\"><span class=\"rt-icon icon-phone-squared\" style=\"margin-right:20px;\"><\/span><\/a> <a title=\"SEND ME AN EMAIL\" href=\"mailto:jeronim.cimpersak@gmail.com\"><span class=\"rt-icon icon-mail\" style=\"margin-right:20px;\"><\/span><\/a> <a title=\"INFO | WEB PAGE | BLOG\" href=\"https:\/\/kamauf-zagreb.com\/\" target=\"_blank\" rel=\"noopener\"><span class=\"rt-icon icon-monitor\" style=\"margin-right:20px;\"><\/span><\/a><\/span><\/p>\n\n\t\t<\/div>\n\t<\/div>\n\n\t\t<\/div>\n\t<\/div>\n\n<\/div>\n<\/div>","protected":false},"excerpt":{"rendered":"<p><span style=\"font-size: 13px;\"><strong>Languages: <\/strong>English, Croatian<\/span><\/p>","protected":false},"featured_media":30636,"template":"","meta":{"_glsr_average":0,"_glsr_ranking":0,"_glsr_reviews":0},"product_brand":[],"product_cat":[593,589,546],"product_tag":[],"class_list":{"0":"post-30621","1":"product","2":"type-product","3":"status-publish","4":"has-post-thumbnail","6":"product_cat-engleski-jezik","7":"product_cat-hrvatski-jezik","8":"product_cat-vodici","10":"first","11":"instock","12":"taxable","13":"shipping-taxable","14":"product-type-simple"},"_links":{"self":[{"href":"https:\/\/www.zagrebguides.com\/en\/wp-json\/wp\/v2\/product\/30621","targetHints":{"allow":["GET"]}}],"collection":[{"href":"https:\/\/www.zagrebguides.com\/en\/wp-json\/wp\/v2\/product"}],"about":[{"href":"https:\/\/www.zagrebguides.com\/en\/wp-json\/wp\/v2\/types\/product"}],"wp:featuredmedia":[{"embeddable":true,"href":"https:\/\/www.zagrebguides.com\/en\/wp-json\/wp\/v2\/media\/30636"}],"wp:attachment":[{"href":"https:\/\/www.zagrebguides.com\/en\/wp-json\/wp\/v2\/media?parent=30621"}],"wp:term":[{"taxonomy":"product_brand","embeddable":true,"href":"https:\/\/www.zagrebguides.com\/en\/wp-json\/wp\/v2\/product_brand?post=30621"},{"taxonomy":"product_cat","embeddable":true,"href":"https:\/\/www.zagrebguides.com\/en\/wp-json\/wp\/v2\/product_cat?post=30621"},{"taxonomy":"product_tag","embeddable":true,"href":"https:\/\/www.zagrebguides.com\/en\/wp-json\/wp\/v2\/product_tag?post=30621"}],"curies":[{"name":"wp","href":"https:\/\/api.w.org\/{rel}","templated":true}]}}