{"id":30824,"date":"2025-10-31T08:26:53","date_gmt":"2025-10-31T07:26:53","guid":{"rendered":"https:\/\/www.zagrebguides.com\/?post_type=product&#038;p=30824"},"modified":"2026-02-13T08:35:07","modified_gmt":"2026-02-13T07:35:07","slug":"andel-starcevic","status":"publish","type":"product","link":"https:\/\/www.zagrebguides.com\/en\/vodic\/andel-starcevic\/","title":{"rendered":"An\u0111el Star\u010devi\u0107"},"content":{"rendered":"<div  class=\"content_row row vc_row wpb_row  default-style default\" >\n\t\n\t<div class=\"content_row_wrapper\" >\n\t<div class=\"vc_col-sm-12 wpb_column vc_column_container\">\n\t\t<div class=\"wpb_wrapper\">\n\t\t\t\n\t<div class=\"wpb_text_column wpb_content_element\" >\n\t\t<div class=\"wpb_wrapper\">\n\t\t\t<p><strong>Languages:<\/strong> English, Croatian, Italian<\/p>\n<p><strong>Licenses-counties:<\/strong> City of Zagreb and Zagreb County, Lika-Senj County, Vara\u017edin County, Zadar County, Dubrovnik-Neretva County, Krapina- Zagorje County<\/p>\n<p><strong>Education:<\/strong> MA in English and Italian Language and Literature, PhD in Linguistics (University of Zagreb, Faculty of Humanities and Social Sciences).<\/p>\n<p><strong>Services and additional information:<br \/>\n<\/strong>Born and bred in downtown Zagreb. Available for private and group tours of Zagreb and the surrounding area, Vara\u017edin, Trako\u0161\u0107an Castle and Plitvice Lakes, as well as other locales based on your preferences. <br \/><br \/>\nNato e cresciuto nel centro di Zagabria. Disponibile per tour privati e di gruppo di Zagabria e della zona circostante, di Vara\u017edin, del Castello di Trako\u0161\u0107an e del Parco Nazionale dei Laghi di Plitvice, nonch\u00e9 di altre localit\u00e0 in base alle vostre preferenze.<\/p>\n\n\t\t<\/div>\n\t<\/div>\n<div class=\"vc_separator wpb_content_element vc_separator_align_left vc_sep_width_100 vc_sep_pos_align_center vc_sep_color_grey wpb_content_element vc_separator-has-text\" ><span class=\"vc_sep_holder vc_sep_holder_l\"><span class=\"vc_sep_line\"><\/span><\/span><h4>Contact me<\/h4><span class=\"vc_sep_holder vc_sep_holder_r\"><span class=\"vc_sep_line\"><\/span><\/span>\n<\/div>\n\t<div class=\"wpb_text_column wpb_content_element\" >\n\t\t<div class=\"wpb_wrapper\">\n\t\t\t<p><span style=\"font-size: 28px;\"><a title=\"CALL ME\" href=\"tel:+385959155197\"><span class=\"rt-icon icon-phone-squared\" style=\"margin-right:20px;\"><\/span><\/a> <a title=\"SEND ME AN EMAIL\" href=\"mailto:andelstarcevic79@gmail.com\"><span class=\"rt-icon icon-mail\" style=\"margin-right:20px;\"><\/span><\/a> <a title=\"INFO | WEB PAGE | BLOG\" href=\"https:\/\/maps.app.goo.gl\/nRivzi8vDrP9uRoAA\" target=\"_blank\" rel=\"noopener\"><span class=\"rt-icon icon-map\" style=\"margin-right:20px;\"><\/span><\/a><\/span><\/p>\n\n\t\t<\/div>\n\t<\/div>\n\n\t\t<\/div>\n\t<\/div>\n\n<\/div>\n<\/div>","protected":false},"excerpt":{"rendered":"<p><span style=\"font-size: 13px;\"><strong>Languages: <\/strong>English, Croatian, Italian<\/span><\/p>","protected":false},"featured_media":30825,"template":"","meta":{"_glsr_average":0,"_glsr_ranking":0,"_glsr_reviews":0},"product_brand":[],"product_cat":[593,589,591,546],"product_tag":[],"class_list":{"0":"post-30824","1":"product","2":"type-product","3":"status-publish","4":"has-post-thumbnail","6":"product_cat-engleski-jezik","7":"product_cat-hrvatski-jezik","8":"product_cat-talijanski-jezik","9":"product_cat-vodici","11":"first","12":"instock","13":"taxable","14":"shipping-taxable","15":"product-type-simple"},"_links":{"self":[{"href":"https:\/\/www.zagrebguides.com\/en\/wp-json\/wp\/v2\/product\/30824","targetHints":{"allow":["GET"]}}],"collection":[{"href":"https:\/\/www.zagrebguides.com\/en\/wp-json\/wp\/v2\/product"}],"about":[{"href":"https:\/\/www.zagrebguides.com\/en\/wp-json\/wp\/v2\/types\/product"}],"wp:featuredmedia":[{"embeddable":true,"href":"https:\/\/www.zagrebguides.com\/en\/wp-json\/wp\/v2\/media\/30825"}],"wp:attachment":[{"href":"https:\/\/www.zagrebguides.com\/en\/wp-json\/wp\/v2\/media?parent=30824"}],"wp:term":[{"taxonomy":"product_brand","embeddable":true,"href":"https:\/\/www.zagrebguides.com\/en\/wp-json\/wp\/v2\/product_brand?post=30824"},{"taxonomy":"product_cat","embeddable":true,"href":"https:\/\/www.zagrebguides.com\/en\/wp-json\/wp\/v2\/product_cat?post=30824"},{"taxonomy":"product_tag","embeddable":true,"href":"https:\/\/www.zagrebguides.com\/en\/wp-json\/wp\/v2\/product_tag?post=30824"}],"curies":[{"name":"wp","href":"https:\/\/api.w.org\/{rel}","templated":true}]}}