{"id":30881,"date":"2026-01-08T09:46:06","date_gmt":"2026-01-08T08:46:06","guid":{"rendered":"https:\/\/www.zagrebguides.com\/?post_type=product&#038;p=30881"},"modified":"2026-01-08T09:49:34","modified_gmt":"2026-01-08T08:49:34","slug":"ana-cerovski","status":"publish","type":"product","link":"https:\/\/www.zagrebguides.com\/en\/vodic\/ana-cerovski\/","title":{"rendered":"Ana Cerovski"},"content":{"rendered":"<div  class=\"content_row row vc_row wpb_row  default-style default\" >\n\t\n\t<div class=\"content_row_wrapper\" >\n\t<div class=\"vc_col-sm-12 wpb_column vc_column_container\">\n\t\t<div class=\"wpb_wrapper\">\n\t\t\t\n\t<div class=\"wpb_text_column wpb_content_element\" >\n\t\t<div class=\"wpb_wrapper\">\n\t\t\t<p><strong>Languages:<\/strong> French, Italian, English, Croatian<\/p>\n<p><strong>Licenses-counties:<\/strong> City of Zagreb and Zagreb County, Krapina-Zagorje County, Lika-Senj County, Vara\u017edin County<\/p>\n<p><strong>Education:<\/strong> French and Italian Teacher, Master Degree in European Science<\/p>\n<p><strong>Services and additional information:<br \/>\n<\/strong>Born and raised in Zagreb, I have spent my entire life here, with a number of brief stays abroad. I have long worked with international visitors in a variety of roles \u2013 as an interpreter, a foreign language teacher, and a tourist guide.<br \/>\nPassionate about languages, history, and culture, I love presenting Zagreb through its landmarks, stories, urban legends and lively scenes from the socialist era.<br \/>\nIn addition to city walks in Zagreb, I also guide tours in the surrounding region, including the castles of Hrvatsko Zagorje, Vara\u017edin, Trako\u0161\u0107an, and the Plitvice Lakes.<\/p>\n\n\t\t<\/div>\n\t<\/div>\n<div class=\"vc_separator wpb_content_element vc_separator_align_left vc_sep_width_100 vc_sep_pos_align_center vc_sep_color_grey wpb_content_element vc_separator-has-text\" ><span class=\"vc_sep_holder vc_sep_holder_l\"><span class=\"vc_sep_line\"><\/span><\/span><h4>Contact me<\/h4><span class=\"vc_sep_holder vc_sep_holder_r\"><span class=\"vc_sep_line\"><\/span><\/span>\n<\/div>\n\t<div class=\"wpb_text_column wpb_content_element\" >\n\t\t<div class=\"wpb_wrapper\">\n\t\t\t<p><span style=\"font-size: 28px;\"><a title=\"CALL ME\" href=\"tel:00385917308886\"><span class=\"rt-icon icon-phone-squared\" style=\"margin-right:20px;\"><\/span><\/a> <a title=\"SEND ME AN EMAIL\" href=\"mailto:ana.cerovski@signumjezici.hr\"><span class=\"rt-icon icon-mail\" style=\"margin-right:20px;\"><\/span><\/a><\/span><\/p>\n\n\t\t<\/div>\n\t<\/div>\n\n\t\t<\/div>\n\t<\/div>\n\n<\/div>\n<\/div>","protected":false},"excerpt":{"rendered":"<p><span style=\"font-size: 13px;\"><strong>Languages: <\/strong>French, Italian, English, Croatian<\/span><\/p>","protected":false},"featured_media":30882,"template":"","meta":{"_glsr_average":0,"_glsr_ranking":0,"_glsr_reviews":0},"product_brand":[],"product_cat":[593,594,589,591,546],"product_tag":[],"class_list":{"0":"post-30881","1":"product","2":"type-product","3":"status-publish","4":"has-post-thumbnail","6":"product_cat-engleski-jezik","7":"product_cat-francuski-jezik","8":"product_cat-hrvatski-jezik","9":"product_cat-talijanski-jezik","10":"product_cat-vodici","12":"first","13":"instock","14":"taxable","15":"shipping-taxable","16":"product-type-simple"},"_links":{"self":[{"href":"https:\/\/www.zagrebguides.com\/en\/wp-json\/wp\/v2\/product\/30881","targetHints":{"allow":["GET"]}}],"collection":[{"href":"https:\/\/www.zagrebguides.com\/en\/wp-json\/wp\/v2\/product"}],"about":[{"href":"https:\/\/www.zagrebguides.com\/en\/wp-json\/wp\/v2\/types\/product"}],"wp:featuredmedia":[{"embeddable":true,"href":"https:\/\/www.zagrebguides.com\/en\/wp-json\/wp\/v2\/media\/30882"}],"wp:attachment":[{"href":"https:\/\/www.zagrebguides.com\/en\/wp-json\/wp\/v2\/media?parent=30881"}],"wp:term":[{"taxonomy":"product_brand","embeddable":true,"href":"https:\/\/www.zagrebguides.com\/en\/wp-json\/wp\/v2\/product_brand?post=30881"},{"taxonomy":"product_cat","embeddable":true,"href":"https:\/\/www.zagrebguides.com\/en\/wp-json\/wp\/v2\/product_cat?post=30881"},{"taxonomy":"product_tag","embeddable":true,"href":"https:\/\/www.zagrebguides.com\/en\/wp-json\/wp\/v2\/product_tag?post=30881"}],"curies":[{"name":"wp","href":"https:\/\/api.w.org\/{rel}","templated":true}]}}